{"id":17,"date":"2016-05-27T10:48:11","date_gmt":"2016-05-27T07:48:11","guid":{"rendered":"https:\/\/mantel-korsten.ee\/?page_id=17"},"modified":"2025-04-30T14:41:31","modified_gmt":"2025-04-30T11:41:31","slug":"grupid","status":"publish","type":"page","link":"https:\/\/mantel-korsten.ee\/de\/gruppen\/","title":{"rendered":"Gruppen"},"content":{"rendered":"<section class=\"wpb_row\"><div class=\"wpb_column vc_column_container vc_col-sm-6\"><div class=\"vc_column-inner\"><div class=\"wpb_wrapper\"><div class=\"max-title5\"><h2>F\u00fcr Gruppen<\/h2><\/div><p class=\"\">Auch gr\u00f6\u00dfere Zusammenk\u00fcnfte mit der Familie, Freunden oder Kollegen k\u00f6nnen wir gerne organisieren.<\/p>\n<p>Es gibt zwei angenehm getrennte R\u00e4ume, von denen einer Platz f\u00fcr bis zu 8 Personen (Kaminsims) und der andere Platz f\u00fcr bis zu 10 Personen bietet (ein durch eine Glasfaltt\u00fcr abgetrennter Raum).  Selbstverst\u00e4ndlich ist auf Wunsch auch ein gem\u00fctliches Mittag- oder Abendessen in gr\u00f6\u00dferer Runde m\u00f6glich, hierf\u00fcr k\u00f6nnen lange Tische f\u00fcr 20-30 Personen aufgestellt werden. Dar\u00fcber hinaus besteht jederzeit die M\u00f6glichkeit, das gesamte Haus zu reservieren.<\/p>\n<p>F\u00fcr gr\u00f6\u00dfere Gruppen gibt es spezielle Gruppenmen\u00fcs und f\u00fcr besondere Anl\u00e4sse k\u00f6nnen Sie gemeinsam mit dem K\u00fcchenchef und dem Sommelier jederzeit spannende Kombinationen erarbeiten.<\/p>\n<p>Weitere Informationen und Buchung: <a href=\"mailto:restoran@mantel-korsten.ee\">rain@mantel-korsten.ee<\/a><\/p><div class=\"vc_btn3-container vc_btn3-inline vc_do_btn\" ><a style=\"background-color:#F6A2A6; color:#FFFFFF;\" class=\"vc_general vc_btn3 vc_btn3-size-lg vc_btn3-shape-square vc_btn3-style-custom\" href=\"https:\/\/mantel-korsten.ee\/de\/kontakt\/\" title=\"Kontakt\">Kontaktieren Sie uns<\/a><\/div><\/div><\/div><\/div><div class=\"wpb_column vc_column_container vc_col-sm-6\"><div class=\"vc_column-inner\"><div class=\"wpb_wrapper\">\n\t<div  class=\"wpb_single_image wpb_content_element vc_align_left wpb_content_element\">\n\t\t\n\t\t<figure class=\"wpb_wrapper vc_figure\">\n\t\t\t<div class=\"vc_single_image-wrapper   vc_box_border_grey\"><img loading=\"lazy\" decoding=\"async\" width=\"3493\" height=\"5240\" src=\"https:\/\/mantel-korsten.ee\/wp-content\/uploads\/2018\/06\/IMGL4303_fullsize_fotograaf.lauri_.laan_.jpg\" class=\"vc_single_image-img attachment-full\" alt=\"\" title=\"IMGL4303_fullsize_fotograaf.lauri.laan\" srcset=\"https:\/\/mantel-korsten.ee\/wp-content\/uploads\/2018\/06\/IMGL4303_fullsize_fotograaf.lauri_.laan_.jpg 3493w, https:\/\/mantel-korsten.ee\/wp-content\/uploads\/2018\/06\/IMGL4303_fullsize_fotograaf.lauri_.laan_-200x300.jpg 200w, https:\/\/mantel-korsten.ee\/wp-content\/uploads\/2018\/06\/IMGL4303_fullsize_fotograaf.lauri_.laan_-768x1152.jpg 768w, https:\/\/mantel-korsten.ee\/wp-content\/uploads\/2018\/06\/IMGL4303_fullsize_fotograaf.lauri_.laan_-683x1024.jpg 683w\" sizes=\"auto, (max-width: 3493px) 100vw, 3493px\" \/><\/div>\n\t\t<\/figure>\n\t<\/div>\n<\/div><\/div><\/div><\/section>","protected":false},"excerpt":{"rendered":"F\u00fcr Gruppen: Wir organisieren auch gr\u00f6\u00dfere Zusammenk\u00fcnfte mit Familie, Freunden oder Kollegen. Es gibt zwei angenehm getrennte R\u00e4ume, von denen einer Platz f\u00fcr bis zu 8 Personen (Mantel-Korsten) und der andere f\u00fcr bis zu 10 Personen bietet (ein durch eine Glasfaltt\u00fcr abgetrennter Raum). Selbstverst\u00e4ndlich k\u00f6nnen Sie auf Wunsch auch gem\u00fctlich mit einer gr\u00f6\u00dferen Gruppe zu Mittag oder zu Abend essen. In diesem Fall k\u00f6nnen lange Tische f\u00fcr 20\u201330 Personen aufgestellt werden. Dar\u00fcber hinaus ist es jederzeit m\u00f6glich, das gesamte Haus zu reservieren. F\u00fcr gr\u00f6\u00dfere Gruppen gibt es spezielle Gruppenmen\u00fcs, und f\u00fcr besondere Anl\u00e4sse k\u00f6nnen Sie gemeinsam mit dem K\u00fcchenchef und dem Sommelier spannende Kombinationen entwickeln. Weitere Informationen und Buchung: rain@mantel-korsten.eeKontakt","protected":false},"author":2,"featured_media":0,"parent":0,"menu_order":5,"comment_status":"closed","ping_status":"closed","template":"","meta":{"footnotes":""},"class_list":["post-17","page","type-page","status-publish","hentry"],"yoast_head":"<!-- This site is optimized with the Yoast SEO plugin v24.2 - https:\/\/yoast.com\/wordpress\/plugins\/seo\/ -->\n<title>Grupid - Mantel &amp; Korsten<\/title>\n<meta name=\"robots\" content=\"index, follow, max-snippet:-1, max-image-preview:large, max-video-preview:-1\" \/>\n<link rel=\"canonical\" href=\"https:\/\/mantel-korsten.ee\/de\/gruppen\/\" \/>\n<meta property=\"og:locale\" content=\"de_DE\" \/>\n<meta property=\"og:type\" content=\"article\" \/>\n<meta property=\"og:title\" content=\"Grupid - Mantel &amp; Korsten\" \/>\n<meta property=\"og:url\" content=\"https:\/\/mantel-korsten.ee\/de\/gruppen\/\" \/>\n<meta property=\"og:site_name\" content=\"Mantel &amp; Korsten\" \/>\n<meta property=\"article:modified_time\" content=\"2025-04-30T11:41:31+00:00\" \/>\n<meta name=\"twitter:card\" content=\"summary_large_image\" \/>\n<meta name=\"twitter:label1\" content=\"Est. reading time\" \/>\n\t<meta name=\"twitter:data1\" content=\"1\u00a0Minute\" \/>\n<script type=\"application\/ld+json\" class=\"yoast-schema-graph\">{\"@context\":\"https:\/\/schema.org\",\"@graph\":[{\"@type\":\"WebPage\",\"@id\":\"https:\/\/mantel-korsten.ee\/grupid\/\",\"url\":\"https:\/\/mantel-korsten.ee\/grupid\/\",\"name\":\"Grupid - Mantel &amp; Korsten\",\"isPartOf\":{\"@id\":\"https:\/\/mantel-korsten.ee\/#website\"},\"datePublished\":\"2016-05-27T07:48:11+00:00\",\"dateModified\":\"2025-04-30T11:41:31+00:00\",\"breadcrumb\":{\"@id\":\"https:\/\/mantel-korsten.ee\/grupid\/#breadcrumb\"},\"inLanguage\":\"de\",\"potentialAction\":[{\"@type\":\"ReadAction\",\"target\":[\"https:\/\/mantel-korsten.ee\/grupid\/\"]}]},{\"@type\":\"BreadcrumbList\",\"@id\":\"https:\/\/mantel-korsten.ee\/grupid\/#breadcrumb\",\"itemListElement\":[{\"@type\":\"ListItem\",\"position\":1,\"name\":\"Home\",\"item\":\"https:\/\/mantel-korsten.ee\/\"},{\"@type\":\"ListItem\",\"position\":2,\"name\":\"Grupid\"}]},{\"@type\":\"WebSite\",\"@id\":\"https:\/\/mantel-korsten.ee\/#website\",\"url\":\"https:\/\/mantel-korsten.ee\/\",\"name\":\"Mantel &amp; Korsten\",\"description\":\"Restoran Kadriorus\",\"potentialAction\":[{\"@type\":\"SearchAction\",\"target\":{\"@type\":\"EntryPoint\",\"urlTemplate\":\"https:\/\/mantel-korsten.ee\/?s={search_term_string}\"},\"query-input\":{\"@type\":\"PropertyValueSpecification\",\"valueRequired\":true,\"valueName\":\"search_term_string\"}}],\"inLanguage\":\"de\"}]}<\/script>\n<!-- \/ Yoast SEO plugin. -->","yoast_head_json":{"title":"Grupid - Mantel &amp; Korsten","robots":{"index":"index","follow":"follow","max-snippet":"max-snippet:-1","max-image-preview":"max-image-preview:large","max-video-preview":"max-video-preview:-1"},"canonical":"https:\/\/mantel-korsten.ee\/de\/gruppen\/","og_locale":"de_DE","og_type":"article","og_title":"Grupid - Mantel &amp; Korsten","og_url":"https:\/\/mantel-korsten.ee\/de\/gruppen\/","og_site_name":"Mantel &amp; Korsten","article_modified_time":"2025-04-30T11:41:31+00:00","twitter_card":"summary_large_image","twitter_misc":{"Est. reading time":"1\u00a0Minute"},"schema":{"@context":"https:\/\/schema.org","@graph":[{"@type":"WebPage","@id":"https:\/\/mantel-korsten.ee\/grupid\/","url":"https:\/\/mantel-korsten.ee\/grupid\/","name":"Grupid - Mantel &amp; Korsten","isPartOf":{"@id":"https:\/\/mantel-korsten.ee\/#website"},"datePublished":"2016-05-27T07:48:11+00:00","dateModified":"2025-04-30T11:41:31+00:00","breadcrumb":{"@id":"https:\/\/mantel-korsten.ee\/grupid\/#breadcrumb"},"inLanguage":"de","potentialAction":[{"@type":"ReadAction","target":["https:\/\/mantel-korsten.ee\/grupid\/"]}]},{"@type":"BreadcrumbList","@id":"https:\/\/mantel-korsten.ee\/grupid\/#breadcrumb","itemListElement":[{"@type":"ListItem","position":1,"name":"Home","item":"https:\/\/mantel-korsten.ee\/"},{"@type":"ListItem","position":2,"name":"Grupid"}]},{"@type":"WebSite","@id":"https:\/\/mantel-korsten.ee\/#website","url":"https:\/\/mantel-korsten.ee\/","name":"Mantel &amp; Korsten","description":"Restoran Kadriorus","potentialAction":[{"@type":"SearchAction","target":{"@type":"EntryPoint","urlTemplate":"https:\/\/mantel-korsten.ee\/?s={search_term_string}"},"query-input":{"@type":"PropertyValueSpecification","valueRequired":true,"valueName":"search_term_string"}}],"inLanguage":"de"}]}},"_links":{"self":[{"href":"https:\/\/mantel-korsten.ee\/de\/wp-json\/wp\/v2\/pages\/17","targetHints":{"allow":["GET"]}}],"collection":[{"href":"https:\/\/mantel-korsten.ee\/de\/wp-json\/wp\/v2\/pages"}],"about":[{"href":"https:\/\/mantel-korsten.ee\/de\/wp-json\/wp\/v2\/types\/page"}],"author":[{"embeddable":true,"href":"https:\/\/mantel-korsten.ee\/de\/wp-json\/wp\/v2\/users\/2"}],"replies":[{"embeddable":true,"href":"https:\/\/mantel-korsten.ee\/de\/wp-json\/wp\/v2\/comments?post=17"}],"version-history":[{"count":5,"href":"https:\/\/mantel-korsten.ee\/de\/wp-json\/wp\/v2\/pages\/17\/revisions"}],"predecessor-version":[{"id":10410,"href":"https:\/\/mantel-korsten.ee\/de\/wp-json\/wp\/v2\/pages\/17\/revisions\/10410"}],"wp:attachment":[{"href":"https:\/\/mantel-korsten.ee\/de\/wp-json\/wp\/v2\/media?parent=17"}],"curies":[{"name":"wp","href":"https:\/\/api.w.org\/{rel}","templated":true}]}}