{"id":21,"date":"2016-05-27T10:48:40","date_gmt":"2016-05-27T07:48:40","guid":{"rendered":"https:\/\/mantel-korsten.ee\/?page_id=21"},"modified":"2025-08-31T14:43:19","modified_gmt":"2025-08-31T11:43:19","slug":"kontakt","status":"publish","type":"page","link":"https:\/\/mantel-korsten.ee\/de\/kontakt\/","title":{"rendered":"Kontakt"},"content":{"rendered":"<section class=\"wpb_row\"><div class=\"wpb_column vc_column_container vc_col-sm-6\"><div class=\"vc_column-inner\"><div class=\"wpb_wrapper\"><hr class=\"vertical-space1\">\n\t<div class=\"wpb_text_column wpb_content_element\" >\n\t\t<div class=\"wpb_wrapper\">\n\t\t\t<h4><strong>\u00d6FFNUNGSZEITEN\u00a0 \u00a0 \u00a0 \u00a0 \u00a0 \u00a0 \u00a0 \u00a0 \u00a0 \u00a0 \u00a0 \u00a0 \u00a0 \u00a0 \u00a0 \u00a0 \u00a0 \u00a0 \u00a0 \u00a0 \u00a0 \u00a0 \u00a0 \u00a0 \u00a0 \u00a0 \u00a0 \u00a0 \u00a0 \u00a0 \u00a0 \u00a0 \u00a0 \u00a0 \u00a0 \u00a0 \u00a0 \u00a0\u00a0<\/strong><\/h4>\n<p><strong>Dienstag-Freitag 17:00-23:00<\/strong><\/p>\n<p><strong>Samstag 14:00\u201323:00 Uhr<\/strong><\/p>\n<p><strong>Sonntag 14:00\u201322:00 Uhr<\/strong><\/p>\n<p><strong>Montag\u00a0 \u00a0 \u00a0 \u00a0 \u00a0 \u00a0 \u00a0 \u00a0 \u00a0 \u00a0 \u00a0 \u00a0 \u00a0<\/strong><strong>\u00a0 \u00a0 \u00a0<\/strong><strong>\u00a0Geschlossen<\/strong><\/p>\n<p><strong>**Die K\u00fcche schlie\u00dft eine Stunde vor Schlie\u00dfung des Restaurants.<\/strong><\/p>\n<p><strong>** Weitere Informationen zu den \u00d6ffnungszeiten an Feiertagen gibt es auf Facebook oder Instagram.<\/strong><\/p>\n\n\t\t<\/div>\n\t<\/div>\n<hr class=\"vertical-space1\"><article class=\"icon-box\" ><i class=\"fa-at\" style=\"\"><\/i><h4>E-Mail<\/h4><p>rain@mantel-korsten.ee<\/p><\/article><article class=\"icon-box\" ><i class=\"fa-phone\" style=\"\"><\/i><h4>Telefonnummer<\/h4><p>+372 66 59 555<\/p><\/article><article class=\"icon-box\" ><i class=\"li_location\" style=\"\"><\/i><h4>Adresse<\/h4><p>Poska 19a, Tallinn 10216<\/p><\/article><hr class=\"vertical-space2\">\n\t<div class=\"wpb_raw_code wpb_raw_html wpb_content_element\" >\n\t\t<div class=\"wpb_wrapper\">\n\t\t\t<a href=\"https:\/\/www.facebook.com\/manteljakorsten\/\" target=\"_blank\"><article class=\"icon-box\"><i class=\"fa-facebook-square\" style=\"\"><\/i> <h4> Folgen Sie uns auf Facebook <\/h4><p>facebook.com\/manteljakorsten<\/p><\/article><\/a>\n<a href=\"https:\/\/www.instagram.com\/mantelkorsten\/\" target=\"_blank\"><article class=\"icon-box\"><i class=\"fa-instagram\" style=\"\"><\/i> <h4> Folge uns auf Instagram <\/h4><p>instagram.com\/mantelkorsten<\/p><\/article><\/a>\n\t\t<\/div>\n\t<\/div>\n<\/div><\/div><\/div><div class=\"wpb_column vc_column_container vc_col-sm-6\"><div class=\"vc_column-inner\"><div class=\"wpb_wrapper\"><hr class=\"vertical-space1\">\n<div class=\"wpcf7 no-js\" id=\"wpcf7-f8-o1\" lang=\"et\" dir=\"ltr\" data-wpcf7-id=\"8\">\n<div class=\"screen-reader-response\"><p role=\"status\" aria-live=\"polite\" aria-atomic=\"true\"><\/p> <ul><\/ul><\/div>\n<form action=\"\/de\/wp-json\/wp\/v2\/pages\/21#wpcf7-f8-o1\" method=\"post\" class=\"wpcf7-form init\" aria-label=\"Kontaktformular\" novalidate=\"novalidate\" data-status=\"init\" data-trp-original-action=\"\/de\/wp-json\/wp\/v2\/pages\/21#wpcf7-f8-o1\">\n<div style=\"display: none;\">\n<input type=\"hidden\" name=\"_wpcf7\" value=\"8\" \/>\n<input type=\"hidden\" name=\"_wpcf7_version\" value=\"6.0.3\" \/>\n<input type=\"hidden\" name=\"_wpcf7_locale\" value=\"et\" \/>\n<input type=\"hidden\" name=\"_wpcf7_unit_tag\" value=\"wpcf7-f8-o1\" \/>\n<input type=\"hidden\" name=\"_wpcf7_container_post\" value=\"0\" \/>\n<input type=\"hidden\" name=\"_wpcf7_posted_data_hash\" value=\"\" \/>\n<\/div>\n<p><span class=\"wpcf7-form-control-wrap\" data-name=\"your-name\"><input size=\"40\" maxlength=\"400\" class=\"wpcf7-form-control wpcf7-text wpcf7-validates-as-required\" aria-required=\"true\" aria-invalid=\"false\" placeholder=\"Name\" value=\"\" type=\"text\" name=\"your-name\" \/><\/span><br \/>\n<span class=\"wpcf7-form-control-wrap\" data-name=\"your-email\"><input size=\"40\" maxlength=\"400\" class=\"wpcf7-form-control wpcf7-email wpcf7-validates-as-required wpcf7-text wpcf7-validates-as-email\" aria-required=\"true\" aria-invalid=\"false\" placeholder=\"E-Mail\" value=\"\" type=\"email\" name=\"your-email\" \/><\/span><br \/>\n<span class=\"wpcf7-form-control-wrap\" data-name=\"your-message\"><textarea cols=\"40\" rows=\"10\" maxlength=\"2000\" class=\"wpcf7-form-control wpcf7-textarea\" aria-invalid=\"false\" placeholder=\"Bekanntmachung\" name=\"your-message\"><\/textarea><\/span><br \/>\n<input class=\"wpcf7-form-control wpcf7-submit has-spinner\" type=\"submit\" value=\"Schicken\" \/>\n<\/p><div class=\"wpcf7-response-output\" aria-hidden=\"true\"><\/div>\n<input type=\"hidden\" name=\"trp-form-language\" value=\"de\"\/><\/form>\n<\/div>\n<hr class=\"vertical-space2\">\n\t<div class=\"wpb_raw_code wpb_raw_html wpb_content_element\" >\n\t\t<div class=\"wpb_wrapper\">\n\t\t\t<div id=\"TA_cdswritereviewlg749\" class=\"TA_cdswritereviewlg\"><ul id=\"Qd7vOVSjpS\" class=\"TA_links OPuUxQd6zNT\"><li id=\"OtFTFjm1LE\" class=\"7luGbjmTRZI\"><a target=\"_blank\" href=\"https:\/\/www.tripadvisor.com\/\"><img decoding=\"async\" src=\"https:\/\/www.tripadvisor.com\/img\/cdsi\/img2\/branding\/medium-logo-12097-2.png\" alt=\"TripAdvisor\"\/><\/a><\/li><\/ul><\/div><script async src=\"https:\/\/www.jscache.com\/wejs?wtype=cdswritereviewlg&amp;uniq=749&amp;locationId=14057394&amp;lang=en_US&amp;lang=en_US&amp;display_version=2\" data-loadtrk onload=\"this.loadtrk=true\"><\/script>\n\t\t<\/div>\n\t<\/div>\n<\/div><\/div><\/div><\/section><\/div><\/section><section  class=\"wpb_row   full-row\"><div class=\"wpb_column vc_column_container vc_col-sm-12\"><div class=\"vc_column-inner\"><div class=\"wpb_wrapper\">\n\t<div class=\"wpb_raw_code wpb_raw_html wpb_content_element vc_custom_1530858508231\" >\n\t\t<div class=\"wpb_wrapper\">\n\t\t\t<iframe loading=\"lazy\" style=\"float: left; width: 100% !important;\" src=\"https:\/\/www.google.com\/maps\/embed?pb=!1m18!1m12!1m3!1d853.0179823788853!2d24.78129114066951!3d59.435908000463186!2m3!1f0!2f0!3f0!3m2!1i1024!2i768!4f13.1!3m3!1m2!1s0x46929350a345c5ad%3A0xb3825126110cf40f!2sMANTEL+JA+KORSTEN!5e0!3m2!1set!2see!4v1530858014085\" width=\"600\" height=\"450\" frameborder=\"0\" allowfullscreen><\/iframe>\n\t\t<\/div>\n\t<\/div>\n<\/div><\/div><\/div><\/section><section class=\"container\"><div class=\"row-wrapper-x\"><\/p>","protected":false},"excerpt":{"rendered":"\u00d6FFNUNGSZEITEN Dienstag-Freitag 17.00-23.00 Samstag 14.00-23.00 Sonntag 14.00-22.00 Montag geschlossen ** Die K\u00fcche schlie\u00dft eine Stunde vor Schlie\u00dfung des Restaurants ** Weitere Informationen zu den \u00d6ffnungszeiten an Feiertagen finden Sie auf Facebook oder Instagram. E-Mailrain@mantel-korsten.eeTelefonnummer+372 66 59 555AdressePoska 19a, Tallinn 10216 Folgen Sie uns auf Facebook facebook.com\/manteljakorsten Folgen Sie uns auf Instagram instagram.com\/mantelkorsten","protected":false},"author":2,"featured_media":0,"parent":0,"menu_order":7,"comment_status":"closed","ping_status":"closed","template":"","meta":{"footnotes":""},"class_list":["post-21","page","type-page","status-publish","hentry"],"yoast_head":"<!-- This site is optimized with the Yoast SEO plugin v24.2 - https:\/\/yoast.com\/wordpress\/plugins\/seo\/ -->\n<title>Kontakt - Mantel &amp; Korsten<\/title>\n<meta name=\"robots\" content=\"index, follow, max-snippet:-1, max-image-preview:large, max-video-preview:-1\" \/>\n<link rel=\"canonical\" href=\"https:\/\/mantel-korsten.ee\/de\/kontakt\/\" \/>\n<meta property=\"og:locale\" content=\"de_DE\" \/>\n<meta property=\"og:type\" content=\"article\" \/>\n<meta property=\"og:title\" content=\"Kontakt - Mantel &amp; Korsten\" \/>\n<meta property=\"og:url\" content=\"https:\/\/mantel-korsten.ee\/de\/kontakt\/\" \/>\n<meta property=\"og:site_name\" content=\"Mantel &amp; Korsten\" \/>\n<meta property=\"article:modified_time\" content=\"2025-08-31T11:43:19+00:00\" \/>\n<meta name=\"twitter:card\" content=\"summary_large_image\" \/>\n<meta name=\"twitter:label1\" content=\"Est. reading time\" \/>\n\t<meta name=\"twitter:data1\" content=\"1\u00a0Minute\" \/>\n<script type=\"application\/ld+json\" class=\"yoast-schema-graph\">{\"@context\":\"https:\/\/schema.org\",\"@graph\":[{\"@type\":\"WebPage\",\"@id\":\"https:\/\/mantel-korsten.ee\/kontakt\/\",\"url\":\"https:\/\/mantel-korsten.ee\/kontakt\/\",\"name\":\"Kontakt - Mantel &amp; Korsten\",\"isPartOf\":{\"@id\":\"https:\/\/mantel-korsten.ee\/#website\"},\"datePublished\":\"2016-05-27T07:48:40+00:00\",\"dateModified\":\"2025-08-31T11:43:19+00:00\",\"breadcrumb\":{\"@id\":\"https:\/\/mantel-korsten.ee\/kontakt\/#breadcrumb\"},\"inLanguage\":\"de\",\"potentialAction\":[{\"@type\":\"ReadAction\",\"target\":[\"https:\/\/mantel-korsten.ee\/kontakt\/\"]}]},{\"@type\":\"BreadcrumbList\",\"@id\":\"https:\/\/mantel-korsten.ee\/kontakt\/#breadcrumb\",\"itemListElement\":[{\"@type\":\"ListItem\",\"position\":1,\"name\":\"Home\",\"item\":\"https:\/\/mantel-korsten.ee\/\"},{\"@type\":\"ListItem\",\"position\":2,\"name\":\"Kontakt\"}]},{\"@type\":\"WebSite\",\"@id\":\"https:\/\/mantel-korsten.ee\/#website\",\"url\":\"https:\/\/mantel-korsten.ee\/\",\"name\":\"Mantel &amp; Korsten\",\"description\":\"Restoran Kadriorus\",\"potentialAction\":[{\"@type\":\"SearchAction\",\"target\":{\"@type\":\"EntryPoint\",\"urlTemplate\":\"https:\/\/mantel-korsten.ee\/?s={search_term_string}\"},\"query-input\":{\"@type\":\"PropertyValueSpecification\",\"valueRequired\":true,\"valueName\":\"search_term_string\"}}],\"inLanguage\":\"de\"}]}<\/script>\n<!-- \/ Yoast SEO plugin. -->","yoast_head_json":{"title":"Kontakt - Mantel &amp; Korsten","robots":{"index":"index","follow":"follow","max-snippet":"max-snippet:-1","max-image-preview":"max-image-preview:large","max-video-preview":"max-video-preview:-1"},"canonical":"https:\/\/mantel-korsten.ee\/de\/kontakt\/","og_locale":"de_DE","og_type":"article","og_title":"Kontakt - Mantel &amp; Korsten","og_url":"https:\/\/mantel-korsten.ee\/de\/kontakt\/","og_site_name":"Mantel &amp; Korsten","article_modified_time":"2025-08-31T11:43:19+00:00","twitter_card":"summary_large_image","twitter_misc":{"Est. reading time":"1\u00a0Minute"},"schema":{"@context":"https:\/\/schema.org","@graph":[{"@type":"WebPage","@id":"https:\/\/mantel-korsten.ee\/kontakt\/","url":"https:\/\/mantel-korsten.ee\/kontakt\/","name":"Kontakt - Mantel &amp; Korsten","isPartOf":{"@id":"https:\/\/mantel-korsten.ee\/#website"},"datePublished":"2016-05-27T07:48:40+00:00","dateModified":"2025-08-31T11:43:19+00:00","breadcrumb":{"@id":"https:\/\/mantel-korsten.ee\/kontakt\/#breadcrumb"},"inLanguage":"de","potentialAction":[{"@type":"ReadAction","target":["https:\/\/mantel-korsten.ee\/kontakt\/"]}]},{"@type":"BreadcrumbList","@id":"https:\/\/mantel-korsten.ee\/kontakt\/#breadcrumb","itemListElement":[{"@type":"ListItem","position":1,"name":"Home","item":"https:\/\/mantel-korsten.ee\/"},{"@type":"ListItem","position":2,"name":"Kontakt"}]},{"@type":"WebSite","@id":"https:\/\/mantel-korsten.ee\/#website","url":"https:\/\/mantel-korsten.ee\/","name":"Mantel &amp; Korsten","description":"Restoran Kadriorus","potentialAction":[{"@type":"SearchAction","target":{"@type":"EntryPoint","urlTemplate":"https:\/\/mantel-korsten.ee\/?s={search_term_string}"},"query-input":{"@type":"PropertyValueSpecification","valueRequired":true,"valueName":"search_term_string"}}],"inLanguage":"de"}]}},"_links":{"self":[{"href":"https:\/\/mantel-korsten.ee\/de\/wp-json\/wp\/v2\/pages\/21","targetHints":{"allow":["GET"]}}],"collection":[{"href":"https:\/\/mantel-korsten.ee\/de\/wp-json\/wp\/v2\/pages"}],"about":[{"href":"https:\/\/mantel-korsten.ee\/de\/wp-json\/wp\/v2\/types\/page"}],"author":[{"embeddable":true,"href":"https:\/\/mantel-korsten.ee\/de\/wp-json\/wp\/v2\/users\/2"}],"replies":[{"embeddable":true,"href":"https:\/\/mantel-korsten.ee\/de\/wp-json\/wp\/v2\/comments?post=21"}],"version-history":[{"count":5,"href":"https:\/\/mantel-korsten.ee\/de\/wp-json\/wp\/v2\/pages\/21\/revisions"}],"predecessor-version":[{"id":10545,"href":"https:\/\/mantel-korsten.ee\/de\/wp-json\/wp\/v2\/pages\/21\/revisions\/10545"}],"wp:attachment":[{"href":"https:\/\/mantel-korsten.ee\/de\/wp-json\/wp\/v2\/media?parent=21"}],"curies":[{"name":"wp","href":"https:\/\/api.w.org\/{rel}","templated":true}]}}