{"id":9,"date":"2016-05-27T10:45:09","date_gmt":"2016-05-27T07:45:09","guid":{"rendered":"https:\/\/mantel-korsten.ee\/?page_id=9"},"modified":"2025-04-30T11:34:51","modified_gmt":"2025-04-30T08:34:51","slug":"meie-lugu","status":"publish","type":"page","link":"https:\/\/mantel-korsten.ee\/de\/unsere-geschichte\/","title":{"rendered":"Unsere Geschichte"},"content":{"rendered":"<section class=\"wpb_row\"><div class=\"wpb_column vc_column_container vc_col-sm-6\"><div class=\"vc_column-inner\"><div class=\"wpb_wrapper\">\n\t<div  class=\"wpb_single_image wpb_content_element vc_align_left wpb_content_element\">\n\t\t\n\t\t<figure class=\"wpb_wrapper vc_figure\">\n\t\t\t<div class=\"vc_single_image-wrapper   vc_box_border_grey\"><img loading=\"lazy\" decoding=\"async\" width=\"2560\" height=\"1707\" src=\"https:\/\/mantel-korsten.ee\/wp-content\/uploads\/2025\/04\/imgl1253_fullsize_fotograaf.lauri_.laan_-scaled-1.jpg\" class=\"vc_single_image-img attachment-full\" alt=\"\" title=\"imgl1253_fullsize_fotograaf.lauri_.laan_-scaled\" srcset=\"https:\/\/mantel-korsten.ee\/wp-content\/uploads\/2025\/04\/imgl1253_fullsize_fotograaf.lauri_.laan_-scaled-1.jpg 2560w, https:\/\/mantel-korsten.ee\/wp-content\/uploads\/2025\/04\/imgl1253_fullsize_fotograaf.lauri_.laan_-scaled-1-300x200.jpg 300w, https:\/\/mantel-korsten.ee\/wp-content\/uploads\/2025\/04\/imgl1253_fullsize_fotograaf.lauri_.laan_-scaled-1-1024x683.jpg 1024w, https:\/\/mantel-korsten.ee\/wp-content\/uploads\/2025\/04\/imgl1253_fullsize_fotograaf.lauri_.laan_-scaled-1-768x512.jpg 768w, https:\/\/mantel-korsten.ee\/wp-content\/uploads\/2025\/04\/imgl1253_fullsize_fotograaf.lauri_.laan_-scaled-1-1536x1024.jpg 1536w, https:\/\/mantel-korsten.ee\/wp-content\/uploads\/2025\/04\/imgl1253_fullsize_fotograaf.lauri_.laan_-scaled-1-2048x1366.jpg 2048w, https:\/\/mantel-korsten.ee\/wp-content\/uploads\/2025\/04\/imgl1253_fullsize_fotograaf.lauri_.laan_-scaled-1-18x12.jpg 18w, https:\/\/mantel-korsten.ee\/wp-content\/uploads\/2025\/04\/imgl1253_fullsize_fotograaf.lauri_.laan_-scaled-1-420x280.jpg 420w, https:\/\/mantel-korsten.ee\/wp-content\/uploads\/2025\/04\/imgl1253_fullsize_fotograaf.lauri_.laan_-scaled-1-690x460.jpg 690w\" sizes=\"auto, (max-width: 2560px) 100vw, 2560px\" \/><\/div>\n\t\t<\/figure>\n\t<\/div>\n<\/div><\/div><\/div><div class=\"wpb_column vc_column_container vc_col-sm-6\"><div class=\"vc_column-inner\"><div class=\"wpb_wrapper\"><p class=\"\">Unser erstes Ziel war es, ein Restaurant f\u00fcr die Gemeinschaft zu schaffen, in dem man zum Abschluss des Arbeitstages oder als besondere Belohnung am Wochenende ein von einem Spitzenkoch zubereitetes Gericht genie\u00dfen kann. Es scheint, als w\u00e4re uns das gelungen. Die Region Kadriorg liebt uns und wir lieben es, den Menschen hier wirklich gutes Essen und Weine von sorgf\u00e4ltig ausgew\u00e4hlten kleinen Produzenten anzubieten. Nat\u00fcrlich wartet das etwas versteckte gr\u00fcne Baumhaus auch immer auf G\u00e4ste von weiter her, die eine Autorenk\u00fcche mit nuancierter Aromenpalette genie\u00dfen m\u00f6chten.<\/p>\n<p>Mediterrane K\u00fcche zubereitet von unserem erfahrenen Koch <strong>J\u00fcri Vaink\u00fcla<\/strong><strong>\u00a0<\/strong>auf einfache estnische Weise eingef\u00fchrt, ist differenzierter als gemeinhin angenommen \u2013 schlie\u00dflich gibt es entlang des Mittelmeers viele L\u00e4nder mit unterschiedlichen Esskulturen. Die Speisekarte im Restaurant Mantel ja Korsten ist wirklich vielf\u00e4ltig. Neben Meeresfr\u00fcchten und verschiedenen Pastagerichten bietet das Restaurant beispielsweise auch: <em>Iberico Secreto<\/em>, Makrele und das bereits ber\u00fchmte Beef Hanger Steak. Zu den Kreationen der K\u00fcchenchefs geh\u00f6ren auch Gerichte, die den durchschnittlichen Restaurantgast m\u00f6glicherweise ein wenig aus seiner Komfortzone herausfordern. Alle, die auf der Suche nach aufregenden neuen Geschmacksrichtungen sind, sind herzlich willkommen. Besonders empfehlen wir unser 5-G\u00e4nge-Degustationsmen\u00fc \u2013 hier haben die Food-Artists J\u00fcri und J\u00fcrgen wirklich kreativ Speisen aus der \u00c0-la-carte-Speisekarte des Restaurants sowie einige neue Gerichte kombiniert, die nicht auf der Tageskarte stehen.<\/p>\n<p>Das Essen, sorgf\u00e4ltig ausgew\u00e4hlte Weine von kleinen Produzenten, immer trendigere alkoholfreie Getr\u00e4nke, der aufmerksame Service und die Atmosph\u00e4re werden vom Restaurantpersonal stets auf einem solchen Niveau gehalten, dass der Gast jeden Moment genie\u00dft, den er im einzigen Haus der Region mit Kaminsims verbringt. Dieses dreihundert Jahre alte Geb\u00e4ude vereint das fr\u00fchere Leben der nahegelegenen Burg Kadiroru, die moderne Atmosph\u00e4re des Stadtzentrums und eine K\u00fcche von Weltklasse.<\/p>\n<p>In den mit hellen Farben gestalteten R\u00e4umen und vielleicht sogar im Kaminsims finden Paare und Familien, aber auch gr\u00f6\u00dfere Gruppen, angenehme Sitzgelegenheiten und f\u00fchlen sich im Restaurant rundum wohl.<\/p>\n<p>Hallo aus Tulema!<\/p><div class=\"testimonial\"><div class=\"testimonial-content\"><h4><q>Durch Not in den Himmel!<\/q><\/h4><div class=\"testimonial-arrow\"><\/div><\/div><div class=\"testimonial-brand\"><img decoding=\"async\" src=\"https:\/\/mantel-korsten.ee\/wp-content\/uploads\/2018\/08\/mantelkorsten-logo-60x60-min.png\" alt=\"Referenz Mantel Kaminfamilie\" \/><h5><strong>Mantel Kaminfamilie<\/strong><br><em><\/em><\/h5><\/div><\/div><hr class=\"vertical-space1\"><\/div><\/div><\/div><\/section>","protected":false},"excerpt":{"rendered":"Unser erstes Ziel war es, ein Restaurant f\u00fcr die Gemeinschaft zu schaffen, in dem man zum Abschluss des Arbeitstages oder als besondere Belohnung am Wochenende ein von einem Spitzenkoch zubereitetes Gericht genie\u00dfen kann. Es scheint, als w\u00e4re uns das gelungen. Die Region Kadriorg liebt uns und wir lieben es, den Menschen hier wirklich gutes Essen und Weine von sorgf\u00e4ltig ausgew\u00e4hlten kleinen Produzenten anzubieten. Nat\u00fcrlich wartet das etwas versteckte gr\u00fcne Baumhaus auch immer auf G\u00e4ste von weiter her, die eine Autorenk\u00fcche mit nuancierter Aromenpalette genie\u00dfen m\u00f6chten. Die mediterrane K\u00fcche, die unser erfahrener Koch J\u00fcri Vaink\u00fcla auf einfache estnische Art vorstellt, ist nuancierter als gemeinhin angenommen \u2013 schlie\u00dflich gibt es entlang des Mittelmeers viele L\u00e4nder mit unterschiedlichen Esskulturen. Die Speisekarte im Restaurant Mantel ja Korsten ist wirklich vielf\u00e4ltig. Neben Meeresfr\u00fcchten und abwechslungsreichen Pastagerichten bietet das Restaurant auch Iberico Secreto, Makrele und das bereits ber\u00fchmte Beef Hanger Steak an. Zu den Kreationen der K\u00fcchenchefs geh\u00f6ren auch Gerichte, die den durchschnittlichen Restaurantgast m\u00f6glicherweise ein wenig aus seiner Komfortzone herausfordern. Alle, die auf der Suche nach aufregenden neuen Geschmacksrichtungen sind, sind herzlich willkommen. Besonders empfehlen wir unser 5-G\u00e4nge-Degustationsmen\u00fc \u2013 hier haben die Food-Artists J\u00fcri und J\u00fcrgen wirklich kreativ Speisen aus der \u00c0-la-carte-Speisekarte des Restaurants sowie einige neue Gerichte kombiniert, die nicht auf der Tageskarte stehen. Das Essen, sorgf\u00e4ltig ausgew\u00e4hlte Weine von kleinen Produzenten, immer trendigere alkoholfreie Getr\u00e4nke, der aufmerksame Service und die Atmosph\u00e4re werden vom Restaurantpersonal stets auf einem solchen Niveau gehalten, dass der Gast jeden Moment genie\u00dft, den er im einzigen Haus der Region mit Kaminsims verbringt. Dieses dreihundert Jahre alte Geb\u00e4ude vereint das fr\u00fchere Leben der nahegelegenen Burg Kadiroru, die moderne Atmosph\u00e4re des Stadtzentrums und eine K\u00fcche von Weltklasse. In den mit hellen Farben gestalteten R\u00e4umen und vielleicht sogar im Kaminsims finden Paare und Familien, aber auch gr\u00f6\u00dfere Gruppen, angenehme Sitzgelegenheiten und f\u00fchlen sich im Restaurant rundum wohl. Willkommen bei Come! Per aspera ad astra!Mantel Schornsteinfamilie","protected":false},"author":2,"featured_media":0,"parent":0,"menu_order":1,"comment_status":"closed","ping_status":"closed","template":"","meta":{"footnotes":""},"class_list":["post-9","page","type-page","status-publish","hentry"],"yoast_head":"<!-- This site is optimized with the Yoast SEO plugin v24.2 - https:\/\/yoast.com\/wordpress\/plugins\/seo\/ -->\n<title>Meie lugu - Mantel &amp; Korsten<\/title>\n<meta name=\"robots\" content=\"index, follow, max-snippet:-1, max-image-preview:large, max-video-preview:-1\" \/>\n<link rel=\"canonical\" href=\"https:\/\/mantel-korsten.ee\/de\/unsere-geschichte\/\" \/>\n<meta property=\"og:locale\" content=\"de_DE\" \/>\n<meta property=\"og:type\" content=\"article\" \/>\n<meta property=\"og:title\" content=\"Meie lugu - Mantel &amp; Korsten\" \/>\n<meta property=\"og:url\" content=\"https:\/\/mantel-korsten.ee\/de\/unsere-geschichte\/\" \/>\n<meta property=\"og:site_name\" content=\"Mantel &amp; Korsten\" \/>\n<meta property=\"article:modified_time\" content=\"2025-04-30T08:34:51+00:00\" \/>\n<meta name=\"twitter:card\" content=\"summary_large_image\" \/>\n<meta name=\"twitter:label1\" content=\"Est. reading time\" \/>\n\t<meta name=\"twitter:data1\" content=\"2\u00a0Minuten\" \/>\n<script type=\"application\/ld+json\" class=\"yoast-schema-graph\">{\"@context\":\"https:\/\/schema.org\",\"@graph\":[{\"@type\":\"WebPage\",\"@id\":\"https:\/\/mantel-korsten.ee\/meie-lugu\/\",\"url\":\"https:\/\/mantel-korsten.ee\/meie-lugu\/\",\"name\":\"Meie lugu - Mantel &amp; Korsten\",\"isPartOf\":{\"@id\":\"https:\/\/mantel-korsten.ee\/#website\"},\"datePublished\":\"2016-05-27T07:45:09+00:00\",\"dateModified\":\"2025-04-30T08:34:51+00:00\",\"breadcrumb\":{\"@id\":\"https:\/\/mantel-korsten.ee\/meie-lugu\/#breadcrumb\"},\"inLanguage\":\"de\",\"potentialAction\":[{\"@type\":\"ReadAction\",\"target\":[\"https:\/\/mantel-korsten.ee\/meie-lugu\/\"]}]},{\"@type\":\"BreadcrumbList\",\"@id\":\"https:\/\/mantel-korsten.ee\/meie-lugu\/#breadcrumb\",\"itemListElement\":[{\"@type\":\"ListItem\",\"position\":1,\"name\":\"Home\",\"item\":\"https:\/\/mantel-korsten.ee\/\"},{\"@type\":\"ListItem\",\"position\":2,\"name\":\"Meie lugu\"}]},{\"@type\":\"WebSite\",\"@id\":\"https:\/\/mantel-korsten.ee\/#website\",\"url\":\"https:\/\/mantel-korsten.ee\/\",\"name\":\"Mantel &amp; Korsten\",\"description\":\"Restoran Kadriorus\",\"potentialAction\":[{\"@type\":\"SearchAction\",\"target\":{\"@type\":\"EntryPoint\",\"urlTemplate\":\"https:\/\/mantel-korsten.ee\/?s={search_term_string}\"},\"query-input\":{\"@type\":\"PropertyValueSpecification\",\"valueRequired\":true,\"valueName\":\"search_term_string\"}}],\"inLanguage\":\"de\"}]}<\/script>\n<!-- \/ Yoast SEO plugin. -->","yoast_head_json":{"title":"Meie lugu - Mantel &amp; Korsten","robots":{"index":"index","follow":"follow","max-snippet":"max-snippet:-1","max-image-preview":"max-image-preview:large","max-video-preview":"max-video-preview:-1"},"canonical":"https:\/\/mantel-korsten.ee\/de\/unsere-geschichte\/","og_locale":"de_DE","og_type":"article","og_title":"Meie lugu - Mantel &amp; Korsten","og_url":"https:\/\/mantel-korsten.ee\/de\/unsere-geschichte\/","og_site_name":"Mantel &amp; Korsten","article_modified_time":"2025-04-30T08:34:51+00:00","twitter_card":"summary_large_image","twitter_misc":{"Est. reading time":"2\u00a0Minuten"},"schema":{"@context":"https:\/\/schema.org","@graph":[{"@type":"WebPage","@id":"https:\/\/mantel-korsten.ee\/meie-lugu\/","url":"https:\/\/mantel-korsten.ee\/meie-lugu\/","name":"Meie lugu - Mantel &amp; Korsten","isPartOf":{"@id":"https:\/\/mantel-korsten.ee\/#website"},"datePublished":"2016-05-27T07:45:09+00:00","dateModified":"2025-04-30T08:34:51+00:00","breadcrumb":{"@id":"https:\/\/mantel-korsten.ee\/meie-lugu\/#breadcrumb"},"inLanguage":"de","potentialAction":[{"@type":"ReadAction","target":["https:\/\/mantel-korsten.ee\/meie-lugu\/"]}]},{"@type":"BreadcrumbList","@id":"https:\/\/mantel-korsten.ee\/meie-lugu\/#breadcrumb","itemListElement":[{"@type":"ListItem","position":1,"name":"Home","item":"https:\/\/mantel-korsten.ee\/"},{"@type":"ListItem","position":2,"name":"Meie lugu"}]},{"@type":"WebSite","@id":"https:\/\/mantel-korsten.ee\/#website","url":"https:\/\/mantel-korsten.ee\/","name":"Mantel &amp; Korsten","description":"Restoran Kadriorus","potentialAction":[{"@type":"SearchAction","target":{"@type":"EntryPoint","urlTemplate":"https:\/\/mantel-korsten.ee\/?s={search_term_string}"},"query-input":{"@type":"PropertyValueSpecification","valueRequired":true,"valueName":"search_term_string"}}],"inLanguage":"de"}]}},"_links":{"self":[{"href":"https:\/\/mantel-korsten.ee\/de\/wp-json\/wp\/v2\/pages\/9","targetHints":{"allow":["GET"]}}],"collection":[{"href":"https:\/\/mantel-korsten.ee\/de\/wp-json\/wp\/v2\/pages"}],"about":[{"href":"https:\/\/mantel-korsten.ee\/de\/wp-json\/wp\/v2\/types\/page"}],"author":[{"embeddable":true,"href":"https:\/\/mantel-korsten.ee\/de\/wp-json\/wp\/v2\/users\/2"}],"replies":[{"embeddable":true,"href":"https:\/\/mantel-korsten.ee\/de\/wp-json\/wp\/v2\/comments?post=9"}],"version-history":[{"count":5,"href":"https:\/\/mantel-korsten.ee\/de\/wp-json\/wp\/v2\/pages\/9\/revisions"}],"predecessor-version":[{"id":10353,"href":"https:\/\/mantel-korsten.ee\/de\/wp-json\/wp\/v2\/pages\/9\/revisions\/10353"}],"wp:attachment":[{"href":"https:\/\/mantel-korsten.ee\/de\/wp-json\/wp\/v2\/media?parent=9"}],"curies":[{"name":"wp","href":"https:\/\/api.w.org\/{rel}","templated":true}]}}