{"id":11,"date":"2016-05-27T10:45:24","date_gmt":"2016-05-27T07:45:24","guid":{"rendered":"https:\/\/mantel-korsten.ee\/?page_id=11"},"modified":"2026-02-06T14:15:46","modified_gmt":"2026-02-06T12:15:46","slug":"menuu","status":"publish","type":"page","link":"https:\/\/mantel-korsten.ee\/fi\/valikko\/","title":{"rendered":"Valikko"},"content":{"rendered":"<section class=\"wpb_row\"><div class=\"wpb_column vc_column_container vc_col-sm-12\"><div class=\"vc_column-inner\"><div class=\"wpb_wrapper\"><\/div><\/div><\/div><\/section><section class=\"wpb_row\"><div class=\"wpb_column vc_column_container vc_col-sm-12\"><div class=\"vc_column-inner\"><div class=\"wpb_wrapper\"><div class=\"max-title6\"><h2>Alkuruoat<\/h2><\/div><div class=\"food-menu-w2\">\r\n\r\n\t\t\t\t\t<div class=\"fm-w2-item\">\r\n\r\n\t\t\t\t\t\t<div class=\"fm-w2-top\">\r\n\r\n\t\t\t\t\t\t\t<span class=\"fm-w2-name\">Portobello\/maa-artisokka\/sieniliemi<\/span>\r\n\t\t\t\t\t\t\t\r\n\t\t\t\t\t\t\t<span class=\"fm-w2-price\">10\u20ac<\/span>\r\n\r\n\t\t\t\t\t\t\t\r\n\r\n\t\t\t\t\t\t<\/div>\r\n\r\n\t\t\t\t\t\t<div class=\"fm-w2-des\">Keitto \/ Sitruuna \/ Valkosipuli<\/div>\r\n\r\n\t\t\t\t\t\t\r\n\r\n\t\t\t\t\t<\/div>\r\n\r\n\t\t\t\t\t<div class=\"fm-w2-item\">\r\n\r\n\t\t\t\t\t\t<div class=\"fm-w2-top\">\r\n\r\n\t\t\t\t\t\t\t<span class=\"fm-w2-name\">Makrilli\/punajuuri\/piparjuuri\/tuorejuusto<\/span>\r\n\t\t\t\t\t\t\t\r\n\t\t\t\t\t\t\t<span class=\"fm-w2-price\">12\u20ac<\/span>\r\n\r\n\t\t\t\t\t\t\t\r\n\r\n\t\t\t\t\t\t<\/div>\r\n\r\n\t\t\t\t\t\t<div class=\"fm-w2-des\">Keitto \/ Sitruuna \/ Valkosipuli<\/div>\r\n\r\n\t\t\t\t\t\t\r\n\r\n\t\t\t\t\t<\/div>\r\n\r\n\t\t\t\t\t<div class=\"fm-w2-item\">\r\n\r\n\t\t\t\t\t\t<div class=\"fm-w2-top\">\r\n\r\n\t\t\t\t\t\t\t<span class=\"fm-w2-name\">Tryffeliarancini\/savustettu ankka\/kurpitsa<\/span>\r\n\t\t\t\t\t\t\t\r\n\t\t\t\t\t\t\t<span class=\"fm-w2-price\">12\u20ac<\/span>\r\n\r\n\t\t\t\t\t\t\t\r\n\r\n\t\t\t\t\t\t<\/div>\r\n\r\n\t\t\t\t\t\t<div class=\"fm-w2-des\">Keitto \/ Sitruuna \/ Valkosipuli<\/div>\r\n\r\n\t\t\t\t\t\t\r\n\r\n\t\t\t\t\t<\/div>\r\n\r\n\t\t\t\t\t<div class=\"fm-w2-item\">\r\n\r\n\t\t\t\t\t\t<div class=\"fm-w2-top\">\r\n\r\n\t\t\t\t\t\t\t<span class=\"fm-w2-name\">Naudanlihatartar\/munankeltuainen\/savupaprika<\/span>\r\n\t\t\t\t\t\t\t\r\n\t\t\t\t\t\t\t<span class=\"fm-w2-price\">14\u20ac<\/span>\r\n\r\n\t\t\t\t\t\t\t\r\n\r\n\t\t\t\t\t\t<\/div>\r\n\r\n\t\t\t\t\t\t<div class=\"fm-w2-des\">Keitto \/ Sitruuna \/ Valkosipuli<\/div>\r\n\r\n\t\t\t\t\t\t\r\n\r\n\t\t\t\t\t<\/div>\r\n\r\n\t\t\t\t\t<div class=\"fm-w2-item\">\r\n\r\n\t\t\t\t\t\t<div class=\"fm-w2-top\">\r\n\r\n\t\t\t\t\t\t\t<span class=\"fm-w2-name\">Vuohenjuusto\/punajuuri\/p\u00e4\u00e4ryn\u00e4\/vihersalaatti<\/span>\r\n\t\t\t\t\t\t\t\r\n\t\t\t\t\t\t\t<span class=\"fm-w2-price\">12\u20ac<\/span>\r\n\r\n\t\t\t\t\t\t\t\r\n\r\n\t\t\t\t\t\t<\/div>\r\n\r\n\t\t\t\t\t\t<div class=\"fm-w2-des\">Keitto \/ Sitruuna \/ Valkosipuli<\/div>\r\n\r\n\t\t\t\t\t\t\r\n\r\n\t\t\t\t\t<\/div><\/div><div class=\"max-title6\"><h2><\/h2><\/div><div class=\"food-menu-w2\"><\/div><div class=\"max-title6\"><h2>P\u00e4\u00e4ruoka<\/h2><\/div><div class=\"food-menu-w2\">\r\n\r\n\t\t\t\t\t<div class=\"fm-w2-item\">\r\n\r\n\t\t\t\t\t\t<div class=\"fm-w2-top\">\r\n\r\n\t\t\t\t\t\t\t<span class=\"fm-w2-name\">Selleri \"Tagliatelle\"\/osterivinokas\/tapenade<\/span>\r\n\t\t\t\t\t\t\t\r\n\t\t\t\t\t\t\t<span class=\"fm-w2-price\">18\u20ac<\/span>\r\n\r\n\t\t\t\t\t\t\t\r\n\r\n\t\t\t\t\t\t<\/div>\r\n\r\n\t\t\t\t\t\t<div class=\"fm-w2-des\">Keitto \/ Sitruuna \/ Valkosipuli<\/div>\r\n\r\n\t\t\t\t\t\t\r\n\r\n\t\t\t\t\t<\/div>\r\n\r\n\t\t\t\t\t<div class=\"fm-w2-item\">\r\n\r\n\t\t\t\t\t\t<div class=\"fm-w2-top\">\r\n\r\n\t\t\t\t\t\t\t<span class=\"fm-w2-name\">Lohiravioli\/fenkoli\/hummerikeitto<\/span>\r\n\t\t\t\t\t\t\t\r\n\t\t\t\t\t\t\t<span class=\"fm-w2-price\">16\u20ac<\/span>\r\n\r\n\t\t\t\t\t\t\t\r\n\r\n\t\t\t\t\t\t<\/div>\r\n\r\n\t\t\t\t\t\t<div class=\"fm-w2-des\">Keitto \/ Sitruuna \/ Valkosipuli<\/div>\r\n\r\n\t\t\t\t\t\t\r\n\r\n\t\t\t\t\t<\/div>\r\n\r\n\t\t\t\t\t<div class=\"fm-w2-item\">\r\n\r\n\t\t\t\t\t\t<div class=\"fm-w2-top\">\r\n\r\n\t\t\t\t\t\t\t<span class=\"fm-w2-name\">Gnocchi\/parmesan\/chorizo\/aurinkokuivattu tomaatti\/bechamel <\/span>\r\n\t\t\t\t\t\t\t\r\n\t\t\t\t\t\t\t<span class=\"fm-w2-price\">16\u20ac<\/span>\r\n\r\n\t\t\t\t\t\t\t\r\n\r\n\t\t\t\t\t\t<\/div>\r\n\r\n\t\t\t\t\t\t<div class=\"fm-w2-des\">Keitto \/ Sitruuna \/ Valkosipuli<\/div>\r\n\r\n\t\t\t\t\t\t\r\n\r\n\t\t\t\t\t<\/div>\r\n\r\n\t\t\t\t\t<div class=\"fm-w2-item\">\r\n\r\n\t\t\t\t\t\t<div class=\"fm-w2-top\">\r\n\r\n\t\t\t\t\t\t\t<span class=\"fm-w2-name\">Kuha\/simpukat\/roomansalaatti\/siiderikastike<\/span>\r\n\t\t\t\t\t\t\t\r\n\t\t\t\t\t\t\t<span class=\"fm-w2-price\">22\u20ac<\/span>\r\n\r\n\t\t\t\t\t\t\t\r\n\r\n\t\t\t\t\t\t<\/div>\r\n\r\n\t\t\t\t\t\t<div class=\"fm-w2-des\">Keitto \/ Sitruuna \/ Valkosipuli<\/div>\r\n\r\n\t\t\t\t\t\t\r\n\r\n\t\t\t\t\t<\/div>\r\n\r\n\t\t\t\t\t<div class=\"fm-w2-item\">\r\n\r\n\t\t\t\t\t\t<div class=\"fm-w2-top\">\r\n\r\n\t\t\t\t\t\t\t<span class=\"fm-w2-name\">Naudanlihan Petite Tender\/osterivinokas\/purjo\/pippurikastike<\/span>\r\n\t\t\t\t\t\t\t\r\n\t\t\t\t\t\t\t<span class=\"fm-w2-price\">22\u20ac<\/span>\r\n\r\n\t\t\t\t\t\t\t\r\n\r\n\t\t\t\t\t\t<\/div>\r\n\r\n\t\t\t\t\t\t<div class=\"fm-w2-des\">Keitto \/ Sitruuna \/ Valkosipuli<\/div>\r\n\r\n\t\t\t\t\t\t\r\n\r\n\t\t\t\t\t<\/div><\/div><div class=\"max-title6\"><h2>Makea<\/h2><\/div><div class=\"food-menu-w2\">\r\n\r\n\t\t\t\t\t<div class=\"fm-w2-item\">\r\n\r\n\t\t\t\t\t\t<div class=\"fm-w2-top\">\r\n\r\n\t\t\t\t\t\t\t<span class=\"fm-w2-name\">Kiivimousse\/kiivi\/kookossorbetti<\/span>\r\n\t\t\t\t\t\t\t\r\n\t\t\t\t\t\t\t<span class=\"fm-w2-price\">8\u20ac<\/span>\r\n\r\n\t\t\t\t\t\t\t\r\n\r\n\t\t\t\t\t\t<\/div>\r\n\r\n\t\t\t\t\t\t<div class=\"fm-w2-des\">Keitto \/ Sitruuna \/ Valkosipuli<\/div>\r\n\r\n\t\t\t\t\t\t\r\n\r\n\t\t\t\t\t<\/div>\r\n\r\n\t\t\t\t\t<div class=\"fm-w2-item\">\r\n\r\n\t\t\t\t\t\t<div class=\"fm-w2-top\">\r\n\r\n\t\t\t\t\t\t\t<span class=\"fm-w2-name\">Canel\u00e8\/sitruuna\/vaniljaj\u00e4\u00e4tel\u00f6 <\/span>\r\n\t\t\t\t\t\t\t\r\n\t\t\t\t\t\t\t<span class=\"fm-w2-price\">9\u20ac<\/span>\r\n\r\n\t\t\t\t\t\t\t\r\n\r\n\t\t\t\t\t\t<\/div>\r\n\r\n\t\t\t\t\t\t<div class=\"fm-w2-des\">Keitto \/ Sitruuna \/ Valkosipuli<\/div>\r\n\r\n\t\t\t\t\t\t\r\n\r\n\t\t\t\t\t<\/div>\r\n\r\n\t\t\t\t\t<div class=\"fm-w2-item\">\r\n\r\n\t\t\t\t\t\t<div class=\"fm-w2-top\">\r\n\r\n\t\t\t\t\t\t\t<span class=\"fm-w2-name\">Omena-Tarte Tatin\/karamelli\/vaniljaj\u00e4\u00e4tel\u00f6<\/span>\r\n\t\t\t\t\t\t\t\r\n\t\t\t\t\t\t\t<span class=\"fm-w2-price\">9\u20ac<\/span>\r\n\r\n\t\t\t\t\t\t\t\r\n\r\n\t\t\t\t\t\t<\/div>\r\n\r\n\t\t\t\t\t\t<div class=\"fm-w2-des\">Keitto \/ Sitruuna \/ Valkosipuli<\/div>\r\n\r\n\t\t\t\t\t\t\r\n\r\n\t\t\t\t\t<\/div>\r\n\r\n\t\t\t\t\t<div class=\"fm-w2-item\">\r\n\r\n\t\t\t\t\t\t<div class=\"fm-w2-top\">\r\n\r\n\t\t\t\t\t\t\t<span class=\"fm-w2-name\">Yksi kauhallinen j\u00e4\u00e4tel\u00f6\u00e4 tai sorbettia<\/span>\r\n\t\t\t\t\t\t\t\r\n\t\t\t\t\t\t\t<span class=\"fm-w2-price\">3\u20ac<\/span>\r\n\r\n\t\t\t\t\t\t\t\r\n\r\n\t\t\t\t\t\t<\/div>\r\n\r\n\t\t\t\t\t\t<div class=\"fm-w2-des\">Keitto \/ Sitruuna \/ Valkosipuli<\/div>\r\n\r\n\t\t\t\t\t\t\r\n\r\n\t\t\t\t\t<\/div><\/div>\n\t<div class=\"wpb_text_column wpb_content_element\" >\n\t\t<div class=\"wpb_wrapper\">\n\t\t\t<p style=\"text-align: center;\"><em>Kysy tarjoilijalta tietoa allergeeneista.<\/em><\/p>\n\n\t\t<\/div>\n\t<\/div>\n<\/div><\/div><\/div><div class=\"wpb_column vc_column_container vc_col-sm-12\"><div class=\"vc_column-inner\"><div class=\"wpb_wrapper\"><\/div><\/div><\/div><\/section><section class=\"vc_section\"><section class=\"wpb_row\"><div class=\"wpb_column vc_column_container vc_col-sm-12\"><div class=\"vc_column-inner\"><div class=\"wpb_wrapper\"><\/div><\/div><\/div><\/section><\/section>","protected":false},"excerpt":{"rendered":"Alkuruoka Portobello\/ Maa-artisokka\/sienikeitto 10\u20ac Keitto \/ Sitruuna \/ Valkosipuli Makrilli\/punajuuri\/piparjuuri\/tuorejuusto 12\u20ac Keitto \/ Sitruuna \/ Valkosipuli Tryffeliarancini\/savustettu ankka\/kurpitsa 12\u20ac Keitto \/ Sitruuna \/ Valkosipuli Naudantartar\/munankeltuainen\/savupaprika 14\u20ac Keitto \/ Sitruuna \/ Valkosipuli Vuohenjuusto\/punajuuri\/p\u00e4\u00e4ryn\u00e4\/vihersalaatti 12\u20ac Keitto \/ Sitruuna \/ Valkosipuli P\u00e4\u00e4ruoka Selleri \u201eTagliatelle\u201c\/osterifilee\/tapenade 18\u20ac Keitto \/ Sitruuna \/ Valkosipuli Lohiravioli\/fenkoli\/hummerikeitto 16\u20ac Keitto \/ Sitruuna \/ Valkosipulignocchi\/parmesaani\/chorizo\/aurinkokuivattu tomaatti\/bechamel 16\u20ac Keitto \/ Sitruuna \/ Valkosipuli Turska\/simpukat\/roomansalaatti\/siiderikastike 22\u20ac Keitto \/ Sitruuna \/ Valkosipuli Naudan Petite Tender\/osterifilee\/purjo\/pippurikastike 22\u20ac Keitto \/ Sitruuna \/ Valkosipuli Makea kiivimousse\/kiivi\/kookossorbetti 8 \u20ac Keitto \/ Sitruuna \/ Valkosipuli Canel\u00e8\/sitruuna\/vaniljaj\u00e4\u00e4tel\u00f6 9 \u20ac Keitto \/ Sitruuna \/ Valkosipuli Omenatarte tatin\/karamelli\/vaniljaj\u00e4\u00e4tel\u00f6 9 \u20ac Keitto \/ Sitruuna \/ Valkosipuli Yksi pallo j\u00e4\u00e4tel\u00f6\u00e4 tai sorbettia 3 \u20ac Keitto \/ Sitruuna \/ Valkosipuli Kysy tarjoilijalta tietoa allergeeneista","protected":false},"author":2,"featured_media":0,"parent":0,"menu_order":2,"comment_status":"closed","ping_status":"closed","template":"","meta":{"footnotes":""},"class_list":["post-11","page","type-page","status-publish","hentry"],"yoast_head":"<!-- This site is optimized with the Yoast SEO plugin v24.2 - https:\/\/yoast.com\/wordpress\/plugins\/seo\/ -->\n<title>Men\u00fc\u00fc - Mantel &amp; Korsten<\/title>\n<meta name=\"robots\" content=\"index, follow, max-snippet:-1, max-image-preview:large, max-video-preview:-1\" \/>\n<link rel=\"canonical\" href=\"https:\/\/mantel-korsten.ee\/fi\/valikko\/\" \/>\n<meta property=\"og:locale\" content=\"fi_FI\" \/>\n<meta property=\"og:type\" content=\"article\" \/>\n<meta property=\"og:title\" content=\"Men\u00fc\u00fc - Mantel &amp; Korsten\" \/>\n<meta property=\"og:url\" content=\"https:\/\/mantel-korsten.ee\/fi\/valikko\/\" \/>\n<meta property=\"og:site_name\" content=\"Mantel &amp; Korsten\" \/>\n<meta property=\"article:modified_time\" content=\"2026-02-06T12:15:46+00:00\" \/>\n<meta name=\"twitter:card\" content=\"summary_large_image\" \/>\n<meta name=\"twitter:label1\" content=\"Est. reading time\" \/>\n\t<meta name=\"twitter:data1\" content=\"1 minuutti\" \/>\n<script type=\"application\/ld+json\" class=\"yoast-schema-graph\">{\"@context\":\"https:\/\/schema.org\",\"@graph\":[{\"@type\":\"WebPage\",\"@id\":\"https:\/\/mantel-korsten.ee\/menuu\/\",\"url\":\"https:\/\/mantel-korsten.ee\/menuu\/\",\"name\":\"Men\u00fc\u00fc - Mantel &amp; Korsten\",\"isPartOf\":{\"@id\":\"https:\/\/mantel-korsten.ee\/#website\"},\"datePublished\":\"2016-05-27T07:45:24+00:00\",\"dateModified\":\"2026-02-06T12:15:46+00:00\",\"breadcrumb\":{\"@id\":\"https:\/\/mantel-korsten.ee\/menuu\/#breadcrumb\"},\"inLanguage\":\"fi\",\"potentialAction\":[{\"@type\":\"ReadAction\",\"target\":[\"https:\/\/mantel-korsten.ee\/menuu\/\"]}]},{\"@type\":\"BreadcrumbList\",\"@id\":\"https:\/\/mantel-korsten.ee\/menuu\/#breadcrumb\",\"itemListElement\":[{\"@type\":\"ListItem\",\"position\":1,\"name\":\"Home\",\"item\":\"https:\/\/mantel-korsten.ee\/\"},{\"@type\":\"ListItem\",\"position\":2,\"name\":\"Men\u00fc\u00fc\"}]},{\"@type\":\"WebSite\",\"@id\":\"https:\/\/mantel-korsten.ee\/#website\",\"url\":\"https:\/\/mantel-korsten.ee\/\",\"name\":\"Mantel &amp; Korsten\",\"description\":\"Restoran Kadriorus\",\"potentialAction\":[{\"@type\":\"SearchAction\",\"target\":{\"@type\":\"EntryPoint\",\"urlTemplate\":\"https:\/\/mantel-korsten.ee\/?s={search_term_string}\"},\"query-input\":{\"@type\":\"PropertyValueSpecification\",\"valueRequired\":true,\"valueName\":\"search_term_string\"}}],\"inLanguage\":\"fi\"}]}<\/script>\n<!-- \/ Yoast SEO plugin. -->","yoast_head_json":{"title":"Men\u00fc\u00fc - Mantel &amp; Korsten","robots":{"index":"index","follow":"follow","max-snippet":"max-snippet:-1","max-image-preview":"max-image-preview:large","max-video-preview":"max-video-preview:-1"},"canonical":"https:\/\/mantel-korsten.ee\/fi\/valikko\/","og_locale":"fi_FI","og_type":"article","og_title":"Men\u00fc\u00fc - Mantel &amp; Korsten","og_url":"https:\/\/mantel-korsten.ee\/fi\/valikko\/","og_site_name":"Mantel &amp; Korsten","article_modified_time":"2026-02-06T12:15:46+00:00","twitter_card":"summary_large_image","twitter_misc":{"Est. reading time":"1 minuutti"},"schema":{"@context":"https:\/\/schema.org","@graph":[{"@type":"WebPage","@id":"https:\/\/mantel-korsten.ee\/menuu\/","url":"https:\/\/mantel-korsten.ee\/menuu\/","name":"Men\u00fc\u00fc - Mantel &amp; Korsten","isPartOf":{"@id":"https:\/\/mantel-korsten.ee\/#website"},"datePublished":"2016-05-27T07:45:24+00:00","dateModified":"2026-02-06T12:15:46+00:00","breadcrumb":{"@id":"https:\/\/mantel-korsten.ee\/menuu\/#breadcrumb"},"inLanguage":"fi","potentialAction":[{"@type":"ReadAction","target":["https:\/\/mantel-korsten.ee\/menuu\/"]}]},{"@type":"BreadcrumbList","@id":"https:\/\/mantel-korsten.ee\/menuu\/#breadcrumb","itemListElement":[{"@type":"ListItem","position":1,"name":"Home","item":"https:\/\/mantel-korsten.ee\/"},{"@type":"ListItem","position":2,"name":"Men\u00fc\u00fc"}]},{"@type":"WebSite","@id":"https:\/\/mantel-korsten.ee\/#website","url":"https:\/\/mantel-korsten.ee\/","name":"Mantel &amp; Korsten","description":"Restoran Kadriorus","potentialAction":[{"@type":"SearchAction","target":{"@type":"EntryPoint","urlTemplate":"https:\/\/mantel-korsten.ee\/?s={search_term_string}"},"query-input":{"@type":"PropertyValueSpecification","valueRequired":true,"valueName":"search_term_string"}}],"inLanguage":"fi"}]}},"_links":{"self":[{"href":"https:\/\/mantel-korsten.ee\/fi\/wp-json\/wp\/v2\/pages\/11","targetHints":{"allow":["GET"]}}],"collection":[{"href":"https:\/\/mantel-korsten.ee\/fi\/wp-json\/wp\/v2\/pages"}],"about":[{"href":"https:\/\/mantel-korsten.ee\/fi\/wp-json\/wp\/v2\/types\/page"}],"author":[{"embeddable":true,"href":"https:\/\/mantel-korsten.ee\/fi\/wp-json\/wp\/v2\/users\/2"}],"replies":[{"embeddable":true,"href":"https:\/\/mantel-korsten.ee\/fi\/wp-json\/wp\/v2\/comments?post=11"}],"version-history":[{"count":5,"href":"https:\/\/mantel-korsten.ee\/fi\/wp-json\/wp\/v2\/pages\/11\/revisions"}],"predecessor-version":[{"id":10565,"href":"https:\/\/mantel-korsten.ee\/fi\/wp-json\/wp\/v2\/pages\/11\/revisions\/10565"}],"wp:attachment":[{"href":"https:\/\/mantel-korsten.ee\/fi\/wp-json\/wp\/v2\/media?parent=11"}],"curies":[{"name":"wp","href":"https:\/\/api.w.org\/{rel}","templated":true}]}}