{"id":17,"date":"2016-05-27T10:48:11","date_gmt":"2016-05-27T07:48:11","guid":{"rendered":"https:\/\/mantel-korsten.ee\/?page_id=17"},"modified":"2025-04-30T14:41:31","modified_gmt":"2025-04-30T11:41:31","slug":"grupid","status":"publish","type":"page","link":"https:\/\/mantel-korsten.ee\/fi\/ryhmat\/","title":{"rendered":"Ryhm\u00e4t"},"content":{"rendered":"<section class=\"wpb_row\"><div class=\"wpb_column vc_column_container vc_col-sm-6\"><div class=\"vc_column-inner\"><div class=\"wpb_wrapper\"><div class=\"max-title5\"><h2>Ryhmille<\/h2><\/div><p class=\"\">Voimme j\u00e4rjest\u00e4\u00e4 my\u00f6s suurempia kokoontumisia perheen, yst\u00e4vien tai ty\u00f6tovereiden kanssa.<\/p>\n<p>Siell\u00e4 on kaksi miellytt\u00e4v\u00e4sti erillist\u00e4 huonetta, joista toiseen mahtuu jopa 8 henkil\u00f6\u00e4 (takkapiippu) ja toiseen jopa 10 henkil\u00f6\u00e4 (lasiovi erottaa huoneen).  Tietenkin halutessasi voit nauttia my\u00f6s viihtyisi\u00e4 lounaita tai illallisia suuremmalla seurueella, jolloin pitki\u00e4 p\u00f6yti\u00e4 voidaan kattaa 20-30 hengelle. Lis\u00e4ksi on aina mahdollisuus varata koko talo.<\/p>\n<p>Suuremmille ryhmille on olemassa erityisi\u00e4 ryhm\u00e4menut, ja erityistilaisuuksiin voit aina tehd\u00e4 yhteisty\u00f6t\u00e4 kokin ja sommelierin kanssa j\u00e4nnitt\u00e4vien yhdistelmien luomiseksi.<\/p>\n<p>Lis\u00e4tietoja ja varaukset: <a href=\"mailto:restoran@mantel-korsten.ee\">rain@mantel-korsten.ee<\/a><\/p><div class=\"vc_btn3-container vc_btn3-inline vc_do_btn\" ><a style=\"background-color:#F6A2A6; color:#FFFFFF;\" class=\"vc_general vc_btn3 vc_btn3-size-lg vc_btn3-shape-square vc_btn3-style-custom\" href=\"https:\/\/mantel-korsten.ee\/fi\/yhteystiedot\/\" title=\"Yhteystiedot\">Ota yhteytt\u00e4<\/a><\/div><\/div><\/div><\/div><div class=\"wpb_column vc_column_container vc_col-sm-6\"><div class=\"vc_column-inner\"><div class=\"wpb_wrapper\">\n\t<div  class=\"wpb_single_image wpb_content_element vc_align_left wpb_content_element\">\n\t\t\n\t\t<figure class=\"wpb_wrapper vc_figure\">\n\t\t\t<div class=\"vc_single_image-wrapper   vc_box_border_grey\"><img loading=\"lazy\" decoding=\"async\" width=\"3493\" height=\"5240\" src=\"https:\/\/mantel-korsten.ee\/wp-content\/uploads\/2018\/06\/IMGL4303_fullsize_fotograaf.lauri_.laan_.jpg\" class=\"vc_single_image-img attachment-full\" alt=\"\" title=\"IMGL4303_fullsize_fotograaf.lauri.laan\" srcset=\"https:\/\/mantel-korsten.ee\/wp-content\/uploads\/2018\/06\/IMGL4303_fullsize_fotograaf.lauri_.laan_.jpg 3493w, https:\/\/mantel-korsten.ee\/wp-content\/uploads\/2018\/06\/IMGL4303_fullsize_fotograaf.lauri_.laan_-200x300.jpg 200w, https:\/\/mantel-korsten.ee\/wp-content\/uploads\/2018\/06\/IMGL4303_fullsize_fotograaf.lauri_.laan_-768x1152.jpg 768w, https:\/\/mantel-korsten.ee\/wp-content\/uploads\/2018\/06\/IMGL4303_fullsize_fotograaf.lauri_.laan_-683x1024.jpg 683w\" sizes=\"auto, (max-width: 3493px) 100vw, 3493px\" \/><\/div>\n\t\t<\/figure>\n\t<\/div>\n<\/div><\/div><\/div><\/section>","protected":false},"excerpt":{"rendered":"Ryhmille voimme j\u00e4rjest\u00e4\u00e4 my\u00f6s suurempia kokoontumisia perheen, yst\u00e4vien tai ty\u00f6tovereiden kanssa. Siell\u00e4 on kaksi miellytt\u00e4v\u00e4sti erillist\u00e4 huonetta, joista toiseen mahtuu jopa 8 henkil\u00f6\u00e4 (takkapiippu) ja toiseen jopa 10 henkil\u00f6\u00e4 (lasiovi erottaa huoneen).  Tietenkin halutessasi voit nauttia my\u00f6s viihtyisi\u00e4 lounaita tai illallisia suuremmalla seurueella, jolloin pitki\u00e4 p\u00f6yti\u00e4 voidaan kattaa 20-30 hengelle. Lis\u00e4ksi on aina mahdollisuus varata koko talo. Suuremmille ryhmille on olemassa erityisi\u00e4 ryhm\u00e4menut, ja erityistilaisuuksiin voit aina tehd\u00e4 yhteisty\u00f6t\u00e4 kokin ja sommelierin kanssa j\u00e4nnitt\u00e4vien yhdistelmien luomiseksi. Lis\u00e4tietoja ja varaukset: rain@mantel-korsten.eeYhteystiedot","protected":false},"author":2,"featured_media":0,"parent":0,"menu_order":5,"comment_status":"closed","ping_status":"closed","template":"","meta":{"footnotes":""},"class_list":["post-17","page","type-page","status-publish","hentry"],"yoast_head":"<!-- This site is optimized with the Yoast SEO plugin v24.2 - https:\/\/yoast.com\/wordpress\/plugins\/seo\/ -->\n<title>Grupid - Mantel &amp; Korsten<\/title>\n<meta name=\"robots\" content=\"index, follow, max-snippet:-1, max-image-preview:large, max-video-preview:-1\" \/>\n<link rel=\"canonical\" href=\"https:\/\/mantel-korsten.ee\/fi\/ryhmat\/\" \/>\n<meta property=\"og:locale\" content=\"fi_FI\" \/>\n<meta property=\"og:type\" content=\"article\" \/>\n<meta property=\"og:title\" content=\"Grupid - Mantel &amp; Korsten\" \/>\n<meta property=\"og:url\" content=\"https:\/\/mantel-korsten.ee\/fi\/ryhmat\/\" \/>\n<meta property=\"og:site_name\" content=\"Mantel &amp; Korsten\" \/>\n<meta property=\"article:modified_time\" content=\"2025-04-30T11:41:31+00:00\" \/>\n<meta name=\"twitter:card\" content=\"summary_large_image\" \/>\n<meta name=\"twitter:label1\" content=\"Est. reading time\" \/>\n\t<meta name=\"twitter:data1\" content=\"1 minuutti\" \/>\n<script type=\"application\/ld+json\" class=\"yoast-schema-graph\">{\"@context\":\"https:\/\/schema.org\",\"@graph\":[{\"@type\":\"WebPage\",\"@id\":\"https:\/\/mantel-korsten.ee\/grupid\/\",\"url\":\"https:\/\/mantel-korsten.ee\/grupid\/\",\"name\":\"Grupid - Mantel &amp; Korsten\",\"isPartOf\":{\"@id\":\"https:\/\/mantel-korsten.ee\/#website\"},\"datePublished\":\"2016-05-27T07:48:11+00:00\",\"dateModified\":\"2025-04-30T11:41:31+00:00\",\"breadcrumb\":{\"@id\":\"https:\/\/mantel-korsten.ee\/grupid\/#breadcrumb\"},\"inLanguage\":\"fi\",\"potentialAction\":[{\"@type\":\"ReadAction\",\"target\":[\"https:\/\/mantel-korsten.ee\/grupid\/\"]}]},{\"@type\":\"BreadcrumbList\",\"@id\":\"https:\/\/mantel-korsten.ee\/grupid\/#breadcrumb\",\"itemListElement\":[{\"@type\":\"ListItem\",\"position\":1,\"name\":\"Home\",\"item\":\"https:\/\/mantel-korsten.ee\/\"},{\"@type\":\"ListItem\",\"position\":2,\"name\":\"Grupid\"}]},{\"@type\":\"WebSite\",\"@id\":\"https:\/\/mantel-korsten.ee\/#website\",\"url\":\"https:\/\/mantel-korsten.ee\/\",\"name\":\"Mantel &amp; Korsten\",\"description\":\"Restoran Kadriorus\",\"potentialAction\":[{\"@type\":\"SearchAction\",\"target\":{\"@type\":\"EntryPoint\",\"urlTemplate\":\"https:\/\/mantel-korsten.ee\/?s={search_term_string}\"},\"query-input\":{\"@type\":\"PropertyValueSpecification\",\"valueRequired\":true,\"valueName\":\"search_term_string\"}}],\"inLanguage\":\"fi\"}]}<\/script>\n<!-- \/ Yoast SEO plugin. -->","yoast_head_json":{"title":"Grupid - Mantel &amp; Korsten","robots":{"index":"index","follow":"follow","max-snippet":"max-snippet:-1","max-image-preview":"max-image-preview:large","max-video-preview":"max-video-preview:-1"},"canonical":"https:\/\/mantel-korsten.ee\/fi\/ryhmat\/","og_locale":"fi_FI","og_type":"article","og_title":"Grupid - Mantel &amp; Korsten","og_url":"https:\/\/mantel-korsten.ee\/fi\/ryhmat\/","og_site_name":"Mantel &amp; Korsten","article_modified_time":"2025-04-30T11:41:31+00:00","twitter_card":"summary_large_image","twitter_misc":{"Est. reading time":"1 minuutti"},"schema":{"@context":"https:\/\/schema.org","@graph":[{"@type":"WebPage","@id":"https:\/\/mantel-korsten.ee\/grupid\/","url":"https:\/\/mantel-korsten.ee\/grupid\/","name":"Grupid - Mantel &amp; Korsten","isPartOf":{"@id":"https:\/\/mantel-korsten.ee\/#website"},"datePublished":"2016-05-27T07:48:11+00:00","dateModified":"2025-04-30T11:41:31+00:00","breadcrumb":{"@id":"https:\/\/mantel-korsten.ee\/grupid\/#breadcrumb"},"inLanguage":"fi","potentialAction":[{"@type":"ReadAction","target":["https:\/\/mantel-korsten.ee\/grupid\/"]}]},{"@type":"BreadcrumbList","@id":"https:\/\/mantel-korsten.ee\/grupid\/#breadcrumb","itemListElement":[{"@type":"ListItem","position":1,"name":"Home","item":"https:\/\/mantel-korsten.ee\/"},{"@type":"ListItem","position":2,"name":"Grupid"}]},{"@type":"WebSite","@id":"https:\/\/mantel-korsten.ee\/#website","url":"https:\/\/mantel-korsten.ee\/","name":"Mantel &amp; Korsten","description":"Restoran Kadriorus","potentialAction":[{"@type":"SearchAction","target":{"@type":"EntryPoint","urlTemplate":"https:\/\/mantel-korsten.ee\/?s={search_term_string}"},"query-input":{"@type":"PropertyValueSpecification","valueRequired":true,"valueName":"search_term_string"}}],"inLanguage":"fi"}]}},"_links":{"self":[{"href":"https:\/\/mantel-korsten.ee\/fi\/wp-json\/wp\/v2\/pages\/17","targetHints":{"allow":["GET"]}}],"collection":[{"href":"https:\/\/mantel-korsten.ee\/fi\/wp-json\/wp\/v2\/pages"}],"about":[{"href":"https:\/\/mantel-korsten.ee\/fi\/wp-json\/wp\/v2\/types\/page"}],"author":[{"embeddable":true,"href":"https:\/\/mantel-korsten.ee\/fi\/wp-json\/wp\/v2\/users\/2"}],"replies":[{"embeddable":true,"href":"https:\/\/mantel-korsten.ee\/fi\/wp-json\/wp\/v2\/comments?post=17"}],"version-history":[{"count":5,"href":"https:\/\/mantel-korsten.ee\/fi\/wp-json\/wp\/v2\/pages\/17\/revisions"}],"predecessor-version":[{"id":10410,"href":"https:\/\/mantel-korsten.ee\/fi\/wp-json\/wp\/v2\/pages\/17\/revisions\/10410"}],"wp:attachment":[{"href":"https:\/\/mantel-korsten.ee\/fi\/wp-json\/wp\/v2\/media?parent=17"}],"curies":[{"name":"wp","href":"https:\/\/api.w.org\/{rel}","templated":true}]}}