{"id":11,"date":"2016-05-27T10:45:24","date_gmt":"2016-05-27T07:45:24","guid":{"rendered":"https:\/\/mantel-korsten.ee\/?page_id=11"},"modified":"2026-02-06T14:15:46","modified_gmt":"2026-02-06T12:15:46","slug":"menuu","status":"publish","type":"page","link":"https:\/\/mantel-korsten.ee\/lt\/meniu\/","title":{"rendered":"Meniu"},"content":{"rendered":"<section class=\"wpb_row\"><div class=\"wpb_column vc_column_container vc_col-sm-12\"><div class=\"vc_column-inner\"><div class=\"wpb_wrapper\"><\/div><\/div><\/div><\/section><section class=\"wpb_row\"><div class=\"wpb_column vc_column_container vc_col-sm-12\"><div class=\"vc_column-inner\"><div class=\"wpb_wrapper\"><div class=\"max-title6\"><h2>U\u017ekandis<\/h2><\/div><div class=\"food-menu-w2\">\r\n\r\n\t\t\t\t\t<div class=\"fm-w2-item\">\r\n\r\n\t\t\t\t\t\t<div class=\"fm-w2-top\">\r\n\r\n\t\t\t\t\t\t\t<span class=\"fm-w2-name\">Portobello \/ topinamb\u0173 \/ gryb\u0173 sultinys<\/span>\r\n\t\t\t\t\t\t\t\r\n\t\t\t\t\t\t\t<span class=\"fm-w2-price\">10\u20ac<\/span>\r\n\r\n\t\t\t\t\t\t\t\r\n\r\n\t\t\t\t\t\t<\/div>\r\n\r\n\t\t\t\t\t\t<div class=\"fm-w2-des\">Sriuba \/ Citrina \/ \u010cesnakas<\/div>\r\n\r\n\t\t\t\t\t\t\r\n\r\n\t\t\t\t\t<\/div>\r\n\r\n\t\t\t\t\t<div class=\"fm-w2-item\">\r\n\r\n\t\t\t\t\t\t<div class=\"fm-w2-top\">\r\n\r\n\t\t\t\t\t\t\t<span class=\"fm-w2-name\">Skumbr\u0117 \/ burok\u0117liai \/ krienai \/ kreminis s\u016bris<\/span>\r\n\t\t\t\t\t\t\t\r\n\t\t\t\t\t\t\t<span class=\"fm-w2-price\">12\u20ac<\/span>\r\n\r\n\t\t\t\t\t\t\t\r\n\r\n\t\t\t\t\t\t<\/div>\r\n\r\n\t\t\t\t\t\t<div class=\"fm-w2-des\">Sriuba \/ Citrina \/ \u010cesnakas<\/div>\r\n\r\n\t\t\t\t\t\t\r\n\r\n\t\t\t\t\t<\/div>\r\n\r\n\t\t\t\t\t<div class=\"fm-w2-item\">\r\n\r\n\t\t\t\t\t\t<div class=\"fm-w2-top\">\r\n\r\n\t\t\t\t\t\t\t<span class=\"fm-w2-name\">Triufeli\u0173 arancini \/ r\u016bkyta antis \/ moli\u016bgas<\/span>\r\n\t\t\t\t\t\t\t\r\n\t\t\t\t\t\t\t<span class=\"fm-w2-price\">12\u20ac<\/span>\r\n\r\n\t\t\t\t\t\t\t\r\n\r\n\t\t\t\t\t\t<\/div>\r\n\r\n\t\t\t\t\t\t<div class=\"fm-w2-des\">Sriuba \/ Citrina \/ \u010cesnakas<\/div>\r\n\r\n\t\t\t\t\t\t\r\n\r\n\t\t\t\t\t<\/div>\r\n\r\n\t\t\t\t\t<div class=\"fm-w2-item\">\r\n\r\n\t\t\t\t\t\t<div class=\"fm-w2-top\">\r\n\r\n\t\t\t\t\t\t\t<span class=\"fm-w2-name\">Jautienos tartaras \/ kiau\u0161inio trynys \/ r\u016bkyta paprika<\/span>\r\n\t\t\t\t\t\t\t\r\n\t\t\t\t\t\t\t<span class=\"fm-w2-price\">14\u20ac<\/span>\r\n\r\n\t\t\t\t\t\t\t\r\n\r\n\t\t\t\t\t\t<\/div>\r\n\r\n\t\t\t\t\t\t<div class=\"fm-w2-des\">Sriuba \/ Citrina \/ \u010cesnakas<\/div>\r\n\r\n\t\t\t\t\t\t\r\n\r\n\t\t\t\t\t<\/div>\r\n\r\n\t\t\t\t\t<div class=\"fm-w2-item\">\r\n\r\n\t\t\t\t\t\t<div class=\"fm-w2-top\">\r\n\r\n\t\t\t\t\t\t\t<span class=\"fm-w2-name\">O\u017ekos s\u016brio \/ burok\u0117li\u0173 \/ kriau\u0161i\u0173 \/ \u017eali\u0173j\u0173 salot\u0173<\/span>\r\n\t\t\t\t\t\t\t\r\n\t\t\t\t\t\t\t<span class=\"fm-w2-price\">12\u20ac<\/span>\r\n\r\n\t\t\t\t\t\t\t\r\n\r\n\t\t\t\t\t\t<\/div>\r\n\r\n\t\t\t\t\t\t<div class=\"fm-w2-des\">Sriuba \/ Citrina \/ \u010cesnakas<\/div>\r\n\r\n\t\t\t\t\t\t\r\n\r\n\t\t\t\t\t<\/div><\/div><div class=\"max-title6\"><h2><\/h2><\/div><div class=\"food-menu-w2\"><\/div><div class=\"max-title6\"><h2>Pagrindinis patiekalas<\/h2><\/div><div class=\"food-menu-w2\">\r\n\r\n\t\t\t\t\t<div class=\"fm-w2-item\">\r\n\r\n\t\t\t\t\t\t<div class=\"fm-w2-top\">\r\n\r\n\t\t\t\t\t\t\t<span class=\"fm-w2-name\">Salier\u0173 \u201eTagliatelle\u201c \/ austri\u0173 pada\u017eas \/ tapenada<\/span>\r\n\t\t\t\t\t\t\t\r\n\t\t\t\t\t\t\t<span class=\"fm-w2-price\">18\u20ac<\/span>\r\n\r\n\t\t\t\t\t\t\t\r\n\r\n\t\t\t\t\t\t<\/div>\r\n\r\n\t\t\t\t\t\t<div class=\"fm-w2-des\">Sriuba \/ Citrina \/ \u010cesnakas<\/div>\r\n\r\n\t\t\t\t\t\t\r\n\r\n\t\t\t\t\t<\/div>\r\n\r\n\t\t\t\t\t<div class=\"fm-w2-item\">\r\n\r\n\t\t\t\t\t\t<div class=\"fm-w2-top\">\r\n\r\n\t\t\t\t\t\t\t<span class=\"fm-w2-name\">La\u0161i\u0161os ravioliai \/ pankoli\u0173 \/ omar\u0173 bisku<\/span>\r\n\t\t\t\t\t\t\t\r\n\t\t\t\t\t\t\t<span class=\"fm-w2-price\">16\u20ac<\/span>\r\n\r\n\t\t\t\t\t\t\t\r\n\r\n\t\t\t\t\t\t<\/div>\r\n\r\n\t\t\t\t\t\t<div class=\"fm-w2-des\">Sriuba \/ Citrina \/ \u010cesnakas<\/div>\r\n\r\n\t\t\t\t\t\t\r\n\r\n\t\t\t\t\t<\/div>\r\n\r\n\t\t\t\t\t<div class=\"fm-w2-item\">\r\n\r\n\t\t\t\t\t\t<div class=\"fm-w2-top\">\r\n\r\n\t\t\t\t\t\t\t<span class=\"fm-w2-name\">Njokai \/ parmezanas \/ chorizo \/ d\u017eiovinti pomidorai \/ be\u0161amelio s\u016bris <\/span>\r\n\t\t\t\t\t\t\t\r\n\t\t\t\t\t\t\t<span class=\"fm-w2-price\">16\u20ac<\/span>\r\n\r\n\t\t\t\t\t\t\t\r\n\r\n\t\t\t\t\t\t<\/div>\r\n\r\n\t\t\t\t\t\t<div class=\"fm-w2-des\">Sriuba \/ Citrina \/ \u010cesnakas<\/div>\r\n\r\n\t\t\t\t\t\t\r\n\r\n\t\t\t\t\t<\/div>\r\n\r\n\t\t\t\t\t<div class=\"fm-w2-item\">\r\n\r\n\t\t\t\t\t\t<div class=\"fm-w2-top\">\r\n\r\n\t\t\t\t\t\t\t<span class=\"fm-w2-name\">Vieta \/ m\u0117lynasis krabas \/ romanin\u0117s salotos \/ sidro u\u017epilas<\/span>\r\n\t\t\t\t\t\t\t\r\n\t\t\t\t\t\t\t<span class=\"fm-w2-price\">22\u20ac<\/span>\r\n\r\n\t\t\t\t\t\t\t\r\n\r\n\t\t\t\t\t\t<\/div>\r\n\r\n\t\t\t\t\t\t<div class=\"fm-w2-des\">Sriuba \/ Citrina \/ \u010cesnakas<\/div>\r\n\r\n\t\t\t\t\t\t\r\n\r\n\t\t\t\t\t<\/div>\r\n\r\n\t\t\t\t\t<div class=\"fm-w2-item\">\r\n\r\n\t\t\t\t\t\t<div class=\"fm-w2-top\">\r\n\r\n\t\t\t\t\t\t\t<span class=\"fm-w2-name\">Jautienos Petite Tender \/ austri\u0173 nugarin\u0117 \/ porai \/ pipir\u0173 pada\u017eas<\/span>\r\n\t\t\t\t\t\t\t\r\n\t\t\t\t\t\t\t<span class=\"fm-w2-price\">22\u20ac<\/span>\r\n\r\n\t\t\t\t\t\t\t\r\n\r\n\t\t\t\t\t\t<\/div>\r\n\r\n\t\t\t\t\t\t<div class=\"fm-w2-des\">Sriuba \/ Citrina \/ \u010cesnakas<\/div>\r\n\r\n\t\t\t\t\t\t\r\n\r\n\t\t\t\t\t<\/div><\/div><div class=\"max-title6\"><h2>Saldu<\/h2><\/div><div class=\"food-menu-w2\">\r\n\r\n\t\t\t\t\t<div class=\"fm-w2-item\">\r\n\r\n\t\t\t\t\t\t<div class=\"fm-w2-top\">\r\n\r\n\t\t\t\t\t\t\t<span class=\"fm-w2-name\">Kivi\u0173 musas \/ kivi\u0173 \/ kokos\u0173 \u0161erbetas<\/span>\r\n\t\t\t\t\t\t\t\r\n\t\t\t\t\t\t\t<span class=\"fm-w2-price\">8\u20ac<\/span>\r\n\r\n\t\t\t\t\t\t\t\r\n\r\n\t\t\t\t\t\t<\/div>\r\n\r\n\t\t\t\t\t\t<div class=\"fm-w2-des\">Sriuba \/ Citrina \/ \u010cesnakas<\/div>\r\n\r\n\t\t\t\t\t\t\r\n\r\n\t\t\t\t\t<\/div>\r\n\r\n\t\t\t\t\t<div class=\"fm-w2-item\">\r\n\r\n\t\t\t\t\t\t<div class=\"fm-w2-top\">\r\n\r\n\t\t\t\t\t\t\t<span class=\"fm-w2-name\">Canel\u00e8 \/ citrin\u0173 \/ vanil\u0117s ledai <\/span>\r\n\t\t\t\t\t\t\t\r\n\t\t\t\t\t\t\t<span class=\"fm-w2-price\">9\u20ac<\/span>\r\n\r\n\t\t\t\t\t\t\t\r\n\r\n\t\t\t\t\t\t<\/div>\r\n\r\n\t\t\t\t\t\t<div class=\"fm-w2-des\">Sriuba \/ Citrina \/ \u010cesnakas<\/div>\r\n\r\n\t\t\t\t\t\t\r\n\r\n\t\t\t\t\t<\/div>\r\n\r\n\t\t\t\t\t<div class=\"fm-w2-item\">\r\n\r\n\t\t\t\t\t\t<div class=\"fm-w2-top\">\r\n\r\n\t\t\t\t\t\t\t<span class=\"fm-w2-name\">Obuoli\u0173 Tarte Tatin \/ karamel\u0117s \/ vanil\u0117s ledai<\/span>\r\n\t\t\t\t\t\t\t\r\n\t\t\t\t\t\t\t<span class=\"fm-w2-price\">9\u20ac<\/span>\r\n\r\n\t\t\t\t\t\t\t\r\n\r\n\t\t\t\t\t\t<\/div>\r\n\r\n\t\t\t\t\t\t<div class=\"fm-w2-des\">Sriuba \/ Citrina \/ \u010cesnakas<\/div>\r\n\r\n\t\t\t\t\t\t\r\n\r\n\t\t\t\t\t<\/div>\r\n\r\n\t\t\t\t\t<div class=\"fm-w2-item\">\r\n\r\n\t\t\t\t\t\t<div class=\"fm-w2-top\">\r\n\r\n\t\t\t\t\t\t\t<span class=\"fm-w2-name\">Vienas kau\u0161elis led\u0173 arba \u0161erbeto<\/span>\r\n\t\t\t\t\t\t\t\r\n\t\t\t\t\t\t\t<span class=\"fm-w2-price\">3\u20ac<\/span>\r\n\r\n\t\t\t\t\t\t\t\r\n\r\n\t\t\t\t\t\t<\/div>\r\n\r\n\t\t\t\t\t\t<div class=\"fm-w2-des\">Sriuba \/ Citrina \/ \u010cesnakas<\/div>\r\n\r\n\t\t\t\t\t\t\r\n\r\n\t\t\t\t\t<\/div><\/div>\n\t<div class=\"wpb_text_column wpb_content_element\" >\n\t\t<div class=\"wpb_wrapper\">\n\t\t\t<p style=\"text-align: center;\"><em>Informacijos apie alergenus teiraukit\u0117s padav\u0117jo.<\/em><\/p>\n\n\t\t<\/div>\n\t<\/div>\n<\/div><\/div><\/div><div class=\"wpb_column vc_column_container vc_col-sm-12\"><div class=\"vc_column-inner\"><div class=\"wpb_wrapper\"><\/div><\/div><\/div><\/section><section class=\"vc_section\"><section class=\"wpb_row\"><div class=\"wpb_column vc_column_container vc_col-sm-12\"><div class=\"vc_column-inner\"><div class=\"wpb_wrapper\"><\/div><\/div><\/div><\/section><\/section>","protected":false},"excerpt":{"rendered":"U\u017ekandis Portobello \/ Topinamb\u0173 \/ gryb\u0173 sriuba 10\u20ac Sriuba \/ Citrina \/ \u010cesnakin\u0117 Skumbr\u0117 \/ burok\u0117liai \/ krienai \/ kreminis s\u016bris 12\u20ac Sriuba \/ Citrina \/ \u010cesnakin\u0117 Triufeli\u0173 arancini \/ r\u016bkyta antis \/ moli\u016bgas 12\u20ac Sriuba \/ Citrina \/ \u010cesnakin\u0117 Jautienos tartaras \/ kiau\u0161inio trynys \/ r\u016bkyta paprika 14\u20ac Sriuba \/ Citrina \/ \u010cesnakin\u0117 O\u017ekos s\u016bris \/ burok\u0117liai \/ kriau\u0161\u0117 \/ \u017ealiosios salotos 12\u20ac Sriuba \/ Citrina \/ \u010cesnakin\u0117 Pagrindinis patiekalas Salieras \u201eTagliatelle\u201c \/ austri\u0173 fil\u0117 \/ tapenada 18\u20ac Sriuba \/ Citrina \/ \u010cesnakin\u0117 La\u0161i\u0161os ravioliai \/ pankolis \/ omar\u0173 biskas 16\u20ac Sriuba \/ Citrina \/ \u010cesnakin\u0117 Njokai \/ parmezanas \/ chorizo \/ d\u017eiovinti pomidorai \/ be\u0161amelio pada\u017eas 16\u20ac Sriuba \/ Citrina \/ \u010cesnakin\u0117 Menk\u0117 \/ midijos \/ romanin\u0117s salotos \/ sidro pada\u017eas 22\u20ac Sriuba \/ Citrina \/ \u010cesnakin\u0117 Jautienos fil\u0117 \/ austri\u0173 fil\u0117 \/ porai \/ pipir\u0173 pada\u017eas 22\u20ac Sriuba \/ Citrina \/ \u010cesnakas Saldus kivi\u0173 musas \/ kiviai \/ kokos\u0173 \u0161erbetas 8 \u20ac Sriuba \/ Citrina \/ \u010cesnakas Canel\u00e8 \/ citrina \/ vaniliniai ledai 9 \u20ac Sriuba \/ Citrina \/ \u010cesnakas Obuoli\u0173 Tarte Tatin \/ karamel\u0117s \/ vaniliniai ledai 9 \u20ac Sriuba \/ Citrina \/ \u010cesnakas Vienas kau\u0161elis led\u0173 arba \u0161erbeto 3 \u20ac Sriuba \/ Citrina \/ \u010cesnakas Informacijos apie alergenus teiraukit\u0117s padav\u0117jo","protected":false},"author":2,"featured_media":0,"parent":0,"menu_order":2,"comment_status":"closed","ping_status":"closed","template":"","meta":{"footnotes":""},"class_list":["post-11","page","type-page","status-publish","hentry"],"yoast_head":"<!-- This site is optimized with the Yoast SEO plugin v24.2 - https:\/\/yoast.com\/wordpress\/plugins\/seo\/ -->\n<title>Men\u00fc\u00fc - Mantel &amp; Korsten<\/title>\n<meta name=\"robots\" content=\"index, follow, max-snippet:-1, max-image-preview:large, max-video-preview:-1\" \/>\n<link rel=\"canonical\" href=\"https:\/\/mantel-korsten.ee\/lt\/meniu\/\" \/>\n<meta property=\"og:locale\" content=\"lt_LT\" \/>\n<meta property=\"og:type\" content=\"article\" \/>\n<meta property=\"og:title\" content=\"Men\u00fc\u00fc - Mantel &amp; Korsten\" \/>\n<meta property=\"og:url\" content=\"https:\/\/mantel-korsten.ee\/lt\/meniu\/\" \/>\n<meta property=\"og:site_name\" content=\"Mantel &amp; Korsten\" \/>\n<meta property=\"article:modified_time\" content=\"2026-02-06T12:15:46+00:00\" \/>\n<meta name=\"twitter:card\" content=\"summary_large_image\" \/>\n<meta name=\"twitter:label1\" content=\"Est. reading time\" \/>\n\t<meta name=\"twitter:data1\" content=\"1 minut\u0117\" \/>\n<script type=\"application\/ld+json\" class=\"yoast-schema-graph\">{\"@context\":\"https:\/\/schema.org\",\"@graph\":[{\"@type\":\"WebPage\",\"@id\":\"https:\/\/mantel-korsten.ee\/menuu\/\",\"url\":\"https:\/\/mantel-korsten.ee\/menuu\/\",\"name\":\"Men\u00fc\u00fc - Mantel &amp; Korsten\",\"isPartOf\":{\"@id\":\"https:\/\/mantel-korsten.ee\/#website\"},\"datePublished\":\"2016-05-27T07:45:24+00:00\",\"dateModified\":\"2026-02-06T12:15:46+00:00\",\"breadcrumb\":{\"@id\":\"https:\/\/mantel-korsten.ee\/menuu\/#breadcrumb\"},\"inLanguage\":\"lt-LT\",\"potentialAction\":[{\"@type\":\"ReadAction\",\"target\":[\"https:\/\/mantel-korsten.ee\/menuu\/\"]}]},{\"@type\":\"BreadcrumbList\",\"@id\":\"https:\/\/mantel-korsten.ee\/menuu\/#breadcrumb\",\"itemListElement\":[{\"@type\":\"ListItem\",\"position\":1,\"name\":\"Home\",\"item\":\"https:\/\/mantel-korsten.ee\/\"},{\"@type\":\"ListItem\",\"position\":2,\"name\":\"Men\u00fc\u00fc\"}]},{\"@type\":\"WebSite\",\"@id\":\"https:\/\/mantel-korsten.ee\/#website\",\"url\":\"https:\/\/mantel-korsten.ee\/\",\"name\":\"Mantel &amp; Korsten\",\"description\":\"Restoran Kadriorus\",\"potentialAction\":[{\"@type\":\"SearchAction\",\"target\":{\"@type\":\"EntryPoint\",\"urlTemplate\":\"https:\/\/mantel-korsten.ee\/?s={search_term_string}\"},\"query-input\":{\"@type\":\"PropertyValueSpecification\",\"valueRequired\":true,\"valueName\":\"search_term_string\"}}],\"inLanguage\":\"lt-LT\"}]}<\/script>\n<!-- \/ Yoast SEO plugin. -->","yoast_head_json":{"title":"Men\u00fc\u00fc - Mantel &amp; Korsten","robots":{"index":"index","follow":"follow","max-snippet":"max-snippet:-1","max-image-preview":"max-image-preview:large","max-video-preview":"max-video-preview:-1"},"canonical":"https:\/\/mantel-korsten.ee\/lt\/meniu\/","og_locale":"lt_LT","og_type":"article","og_title":"Men\u00fc\u00fc - Mantel &amp; Korsten","og_url":"https:\/\/mantel-korsten.ee\/lt\/meniu\/","og_site_name":"Mantel &amp; Korsten","article_modified_time":"2026-02-06T12:15:46+00:00","twitter_card":"summary_large_image","twitter_misc":{"Est. reading time":"1 minut\u0117"},"schema":{"@context":"https:\/\/schema.org","@graph":[{"@type":"WebPage","@id":"https:\/\/mantel-korsten.ee\/menuu\/","url":"https:\/\/mantel-korsten.ee\/menuu\/","name":"Men\u00fc\u00fc - Mantel &amp; Korsten","isPartOf":{"@id":"https:\/\/mantel-korsten.ee\/#website"},"datePublished":"2016-05-27T07:45:24+00:00","dateModified":"2026-02-06T12:15:46+00:00","breadcrumb":{"@id":"https:\/\/mantel-korsten.ee\/menuu\/#breadcrumb"},"inLanguage":"lt-LT","potentialAction":[{"@type":"ReadAction","target":["https:\/\/mantel-korsten.ee\/menuu\/"]}]},{"@type":"BreadcrumbList","@id":"https:\/\/mantel-korsten.ee\/menuu\/#breadcrumb","itemListElement":[{"@type":"ListItem","position":1,"name":"Home","item":"https:\/\/mantel-korsten.ee\/"},{"@type":"ListItem","position":2,"name":"Men\u00fc\u00fc"}]},{"@type":"WebSite","@id":"https:\/\/mantel-korsten.ee\/#website","url":"https:\/\/mantel-korsten.ee\/","name":"Mantel &amp; Korsten","description":"Restoran Kadriorus","potentialAction":[{"@type":"SearchAction","target":{"@type":"EntryPoint","urlTemplate":"https:\/\/mantel-korsten.ee\/?s={search_term_string}"},"query-input":{"@type":"PropertyValueSpecification","valueRequired":true,"valueName":"search_term_string"}}],"inLanguage":"lt-LT"}]}},"_links":{"self":[{"href":"https:\/\/mantel-korsten.ee\/lt\/wp-json\/wp\/v2\/pages\/11","targetHints":{"allow":["GET"]}}],"collection":[{"href":"https:\/\/mantel-korsten.ee\/lt\/wp-json\/wp\/v2\/pages"}],"about":[{"href":"https:\/\/mantel-korsten.ee\/lt\/wp-json\/wp\/v2\/types\/page"}],"author":[{"embeddable":true,"href":"https:\/\/mantel-korsten.ee\/lt\/wp-json\/wp\/v2\/users\/2"}],"replies":[{"embeddable":true,"href":"https:\/\/mantel-korsten.ee\/lt\/wp-json\/wp\/v2\/comments?post=11"}],"version-history":[{"count":5,"href":"https:\/\/mantel-korsten.ee\/lt\/wp-json\/wp\/v2\/pages\/11\/revisions"}],"predecessor-version":[{"id":10565,"href":"https:\/\/mantel-korsten.ee\/lt\/wp-json\/wp\/v2\/pages\/11\/revisions\/10565"}],"wp:attachment":[{"href":"https:\/\/mantel-korsten.ee\/lt\/wp-json\/wp\/v2\/media?parent=11"}],"curies":[{"name":"wp","href":"https:\/\/api.w.org\/{rel}","templated":true}]}}