{"id":17,"date":"2016-05-27T10:48:11","date_gmt":"2016-05-27T07:48:11","guid":{"rendered":"https:\/\/mantel-korsten.ee\/?page_id=17"},"modified":"2025-04-30T14:41:31","modified_gmt":"2025-04-30T11:41:31","slug":"grupid","status":"publish","type":"page","link":"https:\/\/mantel-korsten.ee\/lt\/grupes\/","title":{"rendered":"Grup\u0117s"},"content":{"rendered":"<section class=\"wpb_row\"><div class=\"wpb_column vc_column_container vc_col-sm-6\"><div class=\"vc_column-inner\"><div class=\"wpb_wrapper\"><div class=\"max-title5\"><h2>Grup\u0117ms<\/h2><\/div><p class=\"\">Taip pat galime surengti didesnius susib\u016brimus su \u0161eima, draugais ar kolegomis.<\/p>\n<p>Yra du maloniai atskirti kambariai, vienas i\u0161 kuri\u0173 gali talpinti iki 8 \u017emoni\u0173 (\u017eidinio atbraila), o kitas \u2013 iki 10 \u017emoni\u0173 (kambarys atskirtas stiklin\u0117mis sulankstomomis durimis).  \u017dinoma, jei pageidaujate, galite jaukiai papietauti ar pavakarieniauti ir su didesne grupe, tokiu atveju galima pastatyti ilgus stalus 20\u201330 \u017emoni\u0173. Be to, visada yra galimyb\u0117 rezervuoti vis\u0105 nam\u0105.<\/p>\n<p>Didesn\u0117ms grup\u0117ms yra special\u016bs grupi\u0173 meniu, o ypatingiems renginiams visada galite bendradarbiauti su \u0161efu ir somelj\u0117, kad sugalvotum\u0117te \u012fdomi\u0173 derini\u0173.<\/p>\n<p>Papildoma informacija ir rezervacija: <a href=\"mailto:restoran@mantel-korsten.ee\">rain@mantel-korsten.ee<\/a><\/p><div class=\"vc_btn3-container vc_btn3-inline vc_do_btn\" ><a style=\"background-color:#F6A2A6; color:#FFFFFF;\" class=\"vc_general vc_btn3 vc_btn3-size-lg vc_btn3-shape-square vc_btn3-style-custom\" href=\"https:\/\/mantel-korsten.ee\/lt\/kontaktas\/\" title=\"Kontaktas\">Susisiekite su mumis<\/a><\/div><\/div><\/div><\/div><div class=\"wpb_column vc_column_container vc_col-sm-6\"><div class=\"vc_column-inner\"><div class=\"wpb_wrapper\">\n\t<div  class=\"wpb_single_image wpb_content_element vc_align_left wpb_content_element\">\n\t\t\n\t\t<figure class=\"wpb_wrapper vc_figure\">\n\t\t\t<div class=\"vc_single_image-wrapper   vc_box_border_grey\"><img loading=\"lazy\" decoding=\"async\" width=\"3493\" height=\"5240\" src=\"https:\/\/mantel-korsten.ee\/wp-content\/uploads\/2018\/06\/IMGL4303_fullsize_fotograaf.lauri_.laan_.jpg\" class=\"vc_single_image-img attachment-full\" alt=\"\" title=\"IMGL4303_fullsize_fotograaf.lauri.laan\" srcset=\"https:\/\/mantel-korsten.ee\/wp-content\/uploads\/2018\/06\/IMGL4303_fullsize_fotograaf.lauri_.laan_.jpg 3493w, https:\/\/mantel-korsten.ee\/wp-content\/uploads\/2018\/06\/IMGL4303_fullsize_fotograaf.lauri_.laan_-200x300.jpg 200w, https:\/\/mantel-korsten.ee\/wp-content\/uploads\/2018\/06\/IMGL4303_fullsize_fotograaf.lauri_.laan_-768x1152.jpg 768w, https:\/\/mantel-korsten.ee\/wp-content\/uploads\/2018\/06\/IMGL4303_fullsize_fotograaf.lauri_.laan_-683x1024.jpg 683w\" sizes=\"auto, (max-width: 3493px) 100vw, 3493px\" \/><\/div>\n\t\t<\/figure>\n\t<\/div>\n<\/div><\/div><\/div><\/section>","protected":false},"excerpt":{"rendered":"Grup\u0117msTaip pat galime organizuoti didesnius susib\u016brimus su \u0161eima, draugais ar kolegomis. Yra dvi maloniai atskirtos sal\u0117s, viena talpina iki 8 \u017emoni\u0173 (\u017eidinys-korsten), o kita \u2013 iki 10 \u017emoni\u0173 (kambarys atskirtas stiklin\u0117mis sulankstomomis durimis). \u017dinoma, jei pageidaujate, galite jaukiai papietauti ar pavakarieniauti ir su didesne grupe, tokiu atveju galima paruo\u0161ti ilgus stalus 20\u201330 \u017emoni\u0173. Be to, visada galima rezervuoti vis\u0105 nam\u0105. Didesn\u0117ms grup\u0117ms yra special\u016bs grupi\u0173 meniu, o ypatingiems renginiams visada galite sugalvoti \u012fdomi\u0173 derini\u0173 su \u0161efu ir somelj\u0117. Papildoma informacija ir rezervacija: rain@mantel-korsten.eeSusisiekite","protected":false},"author":2,"featured_media":0,"parent":0,"menu_order":5,"comment_status":"closed","ping_status":"closed","template":"","meta":{"footnotes":""},"class_list":["post-17","page","type-page","status-publish","hentry"],"yoast_head":"<!-- This site is optimized with the Yoast SEO plugin v24.2 - https:\/\/yoast.com\/wordpress\/plugins\/seo\/ -->\n<title>Grupid - Mantel &amp; Korsten<\/title>\n<meta name=\"robots\" content=\"index, follow, max-snippet:-1, max-image-preview:large, max-video-preview:-1\" \/>\n<link rel=\"canonical\" href=\"https:\/\/mantel-korsten.ee\/lt\/grupes\/\" \/>\n<meta property=\"og:locale\" content=\"lt_LT\" \/>\n<meta property=\"og:type\" content=\"article\" \/>\n<meta property=\"og:title\" content=\"Grupid - Mantel &amp; Korsten\" \/>\n<meta property=\"og:url\" content=\"https:\/\/mantel-korsten.ee\/lt\/grupes\/\" \/>\n<meta property=\"og:site_name\" content=\"Mantel &amp; Korsten\" \/>\n<meta property=\"article:modified_time\" content=\"2025-04-30T11:41:31+00:00\" \/>\n<meta name=\"twitter:card\" content=\"summary_large_image\" \/>\n<meta name=\"twitter:label1\" content=\"Est. reading time\" \/>\n\t<meta name=\"twitter:data1\" content=\"1 minut\u0117\" \/>\n<script type=\"application\/ld+json\" class=\"yoast-schema-graph\">{\"@context\":\"https:\/\/schema.org\",\"@graph\":[{\"@type\":\"WebPage\",\"@id\":\"https:\/\/mantel-korsten.ee\/grupid\/\",\"url\":\"https:\/\/mantel-korsten.ee\/grupid\/\",\"name\":\"Grupid - Mantel &amp; Korsten\",\"isPartOf\":{\"@id\":\"https:\/\/mantel-korsten.ee\/#website\"},\"datePublished\":\"2016-05-27T07:48:11+00:00\",\"dateModified\":\"2025-04-30T11:41:31+00:00\",\"breadcrumb\":{\"@id\":\"https:\/\/mantel-korsten.ee\/grupid\/#breadcrumb\"},\"inLanguage\":\"lt-LT\",\"potentialAction\":[{\"@type\":\"ReadAction\",\"target\":[\"https:\/\/mantel-korsten.ee\/grupid\/\"]}]},{\"@type\":\"BreadcrumbList\",\"@id\":\"https:\/\/mantel-korsten.ee\/grupid\/#breadcrumb\",\"itemListElement\":[{\"@type\":\"ListItem\",\"position\":1,\"name\":\"Home\",\"item\":\"https:\/\/mantel-korsten.ee\/\"},{\"@type\":\"ListItem\",\"position\":2,\"name\":\"Grupid\"}]},{\"@type\":\"WebSite\",\"@id\":\"https:\/\/mantel-korsten.ee\/#website\",\"url\":\"https:\/\/mantel-korsten.ee\/\",\"name\":\"Mantel &amp; Korsten\",\"description\":\"Restoran Kadriorus\",\"potentialAction\":[{\"@type\":\"SearchAction\",\"target\":{\"@type\":\"EntryPoint\",\"urlTemplate\":\"https:\/\/mantel-korsten.ee\/?s={search_term_string}\"},\"query-input\":{\"@type\":\"PropertyValueSpecification\",\"valueRequired\":true,\"valueName\":\"search_term_string\"}}],\"inLanguage\":\"lt-LT\"}]}<\/script>\n<!-- \/ Yoast SEO plugin. -->","yoast_head_json":{"title":"Grupid - Mantel &amp; Korsten","robots":{"index":"index","follow":"follow","max-snippet":"max-snippet:-1","max-image-preview":"max-image-preview:large","max-video-preview":"max-video-preview:-1"},"canonical":"https:\/\/mantel-korsten.ee\/lt\/grupes\/","og_locale":"lt_LT","og_type":"article","og_title":"Grupid - Mantel &amp; Korsten","og_url":"https:\/\/mantel-korsten.ee\/lt\/grupes\/","og_site_name":"Mantel &amp; Korsten","article_modified_time":"2025-04-30T11:41:31+00:00","twitter_card":"summary_large_image","twitter_misc":{"Est. reading time":"1 minut\u0117"},"schema":{"@context":"https:\/\/schema.org","@graph":[{"@type":"WebPage","@id":"https:\/\/mantel-korsten.ee\/grupid\/","url":"https:\/\/mantel-korsten.ee\/grupid\/","name":"Grupid - Mantel &amp; Korsten","isPartOf":{"@id":"https:\/\/mantel-korsten.ee\/#website"},"datePublished":"2016-05-27T07:48:11+00:00","dateModified":"2025-04-30T11:41:31+00:00","breadcrumb":{"@id":"https:\/\/mantel-korsten.ee\/grupid\/#breadcrumb"},"inLanguage":"lt-LT","potentialAction":[{"@type":"ReadAction","target":["https:\/\/mantel-korsten.ee\/grupid\/"]}]},{"@type":"BreadcrumbList","@id":"https:\/\/mantel-korsten.ee\/grupid\/#breadcrumb","itemListElement":[{"@type":"ListItem","position":1,"name":"Home","item":"https:\/\/mantel-korsten.ee\/"},{"@type":"ListItem","position":2,"name":"Grupid"}]},{"@type":"WebSite","@id":"https:\/\/mantel-korsten.ee\/#website","url":"https:\/\/mantel-korsten.ee\/","name":"Mantel &amp; Korsten","description":"Restoran Kadriorus","potentialAction":[{"@type":"SearchAction","target":{"@type":"EntryPoint","urlTemplate":"https:\/\/mantel-korsten.ee\/?s={search_term_string}"},"query-input":{"@type":"PropertyValueSpecification","valueRequired":true,"valueName":"search_term_string"}}],"inLanguage":"lt-LT"}]}},"_links":{"self":[{"href":"https:\/\/mantel-korsten.ee\/lt\/wp-json\/wp\/v2\/pages\/17","targetHints":{"allow":["GET"]}}],"collection":[{"href":"https:\/\/mantel-korsten.ee\/lt\/wp-json\/wp\/v2\/pages"}],"about":[{"href":"https:\/\/mantel-korsten.ee\/lt\/wp-json\/wp\/v2\/types\/page"}],"author":[{"embeddable":true,"href":"https:\/\/mantel-korsten.ee\/lt\/wp-json\/wp\/v2\/users\/2"}],"replies":[{"embeddable":true,"href":"https:\/\/mantel-korsten.ee\/lt\/wp-json\/wp\/v2\/comments?post=17"}],"version-history":[{"count":5,"href":"https:\/\/mantel-korsten.ee\/lt\/wp-json\/wp\/v2\/pages\/17\/revisions"}],"predecessor-version":[{"id":10410,"href":"https:\/\/mantel-korsten.ee\/lt\/wp-json\/wp\/v2\/pages\/17\/revisions\/10410"}],"wp:attachment":[{"href":"https:\/\/mantel-korsten.ee\/lt\/wp-json\/wp\/v2\/media?parent=17"}],"curies":[{"name":"wp","href":"https:\/\/api.w.org\/{rel}","templated":true}]}}