{"id":9,"date":"2016-05-27T10:45:09","date_gmt":"2016-05-27T07:45:09","guid":{"rendered":"https:\/\/mantel-korsten.ee\/?page_id=9"},"modified":"2025-04-30T11:34:51","modified_gmt":"2025-04-30T08:34:51","slug":"meie-lugu","status":"publish","type":"page","link":"https:\/\/mantel-korsten.ee\/lt\/musu-istorija\/","title":{"rendered":"M\u016bs\u0173 istorija"},"content":{"rendered":"<section class=\"wpb_row\"><div class=\"wpb_column vc_column_container vc_col-sm-6\"><div class=\"vc_column-inner\"><div class=\"wpb_wrapper\">\n\t<div  class=\"wpb_single_image wpb_content_element vc_align_left wpb_content_element\">\n\t\t\n\t\t<figure class=\"wpb_wrapper vc_figure\">\n\t\t\t<div class=\"vc_single_image-wrapper   vc_box_border_grey\"><img loading=\"lazy\" decoding=\"async\" width=\"2560\" height=\"1707\" src=\"https:\/\/mantel-korsten.ee\/wp-content\/uploads\/2025\/04\/imgl1253_fullsize_fotograaf.lauri_.laan_-scaled-1.jpg\" class=\"vc_single_image-img attachment-full\" alt=\"\" title=\"imgl1253_fullsize_fotograaf.lauri_.laan_-scaled\" srcset=\"https:\/\/mantel-korsten.ee\/wp-content\/uploads\/2025\/04\/imgl1253_fullsize_fotograaf.lauri_.laan_-scaled-1.jpg 2560w, https:\/\/mantel-korsten.ee\/wp-content\/uploads\/2025\/04\/imgl1253_fullsize_fotograaf.lauri_.laan_-scaled-1-300x200.jpg 300w, https:\/\/mantel-korsten.ee\/wp-content\/uploads\/2025\/04\/imgl1253_fullsize_fotograaf.lauri_.laan_-scaled-1-1024x683.jpg 1024w, https:\/\/mantel-korsten.ee\/wp-content\/uploads\/2025\/04\/imgl1253_fullsize_fotograaf.lauri_.laan_-scaled-1-768x512.jpg 768w, https:\/\/mantel-korsten.ee\/wp-content\/uploads\/2025\/04\/imgl1253_fullsize_fotograaf.lauri_.laan_-scaled-1-1536x1024.jpg 1536w, https:\/\/mantel-korsten.ee\/wp-content\/uploads\/2025\/04\/imgl1253_fullsize_fotograaf.lauri_.laan_-scaled-1-2048x1366.jpg 2048w, https:\/\/mantel-korsten.ee\/wp-content\/uploads\/2025\/04\/imgl1253_fullsize_fotograaf.lauri_.laan_-scaled-1-18x12.jpg 18w, https:\/\/mantel-korsten.ee\/wp-content\/uploads\/2025\/04\/imgl1253_fullsize_fotograaf.lauri_.laan_-scaled-1-420x280.jpg 420w, https:\/\/mantel-korsten.ee\/wp-content\/uploads\/2025\/04\/imgl1253_fullsize_fotograaf.lauri_.laan_-scaled-1-690x460.jpg 690w\" sizes=\"auto, (max-width: 2560px) 100vw, 2560px\" \/><\/div>\n\t\t<\/figure>\n\t<\/div>\n<\/div><\/div><\/div><div class=\"wpb_column vc_column_container vc_col-sm-6\"><div class=\"vc_column-inner\"><div class=\"wpb_wrapper\"><p class=\"\">M\u016bs\u0173 pirmasis siekis buvo sukurti restoran\u0105 bendruomenei, kuriame gal\u0117tum\u0117te m\u0117gautis geriausio \u0161efo paruo\u0161tu patiekalu kaip darbo dienos pabaiga arba kaip ypatingas savaitgalio skan\u0117stas. Atrodo, mums pavyko. Kadriorgo regionas mus myli, o mes mielai si\u016blome \u010dia gyvenantiems \u017emon\u0117ms tikrai ger\u0105 maist\u0105 ir vynus i\u0161 kruop\u0161\u010diai atrinkt\u0173 smulki\u0173 gamintoj\u0173. \u017dinoma, \u0161iek tiek pasisl\u0117p\u0119s \u017ealias namelis medyje visada laukia sve\u010di\u0173 i\u0161 tolimesni\u0173 vietovi\u0173, norin\u010di\u0173 m\u0117gautis autorin\u0117s virtuv\u0117s patiekalais su niuansuota skoni\u0173 palete.<\/p>\n<p>Vidur\u017eemio j\u016bros regiono virtuv\u0117s patiekalai, kuriuos ruo\u0161ia m\u016bs\u0173 patyr\u0119s vir\u0117jas <strong>J\u00fcri Vaink\u00fcla<\/strong><strong>\u00a0<\/strong>pateiktas paprastai est\u0173 kalba, yra niuansuotesnis nei \u012fprasta manyti \u2013 juk Vidur\u017eemio j\u016bros pakrant\u0117je yra daug \u0161ali\u0173, turin\u010di\u0173 skirtingas maisto kult\u016bras. \u201eMantel ja Korsten\u201c restorano meniu yra i\u0161ties \u012fvairus. Be j\u016bros g\u0117rybi\u0173 ir \u012fvairi\u0173 makaron\u0173 patiekal\u0173, restoranas taip pat si\u016blo, pavyzd\u017eiui: <em>Iberijos slaptasis<\/em>, skumbr\u0117 ir jau garsusis jautienos kepsnys ant groteli\u0173. \u0160ef\u0173 k\u016bryboje taip pat yra patiekal\u0173, kurie gali \u0161iek tiek i\u0161stumti paprast\u0105 restorano sve\u010di\u0105 i\u0161 jo komforto zonos. Laukiami visi, ie\u0161kantys nauj\u0173 \u012fdomi\u0173 skoni\u0173, ypa\u010d rekomenduojame m\u016bs\u0173 5 patiekal\u0173 degustacin\u012f meniu \u2013 \u010dia maisto menininkai J\u00fcri ir J\u00fcrgen i\u0161ties k\u016brybingai sujung\u0117 maist\u0105 i\u0161 restorano \u00e0 la carte meniu, taip pat kelet\u0105 nauj\u0173 patiekal\u0173, kurie n\u0117ra dienos meniu dalis.<\/p>\n<p>Maistas, kruop\u0161\u010diai atrinkti vynai i\u0161 ma\u017e\u0173 gamintoj\u0173, vis labiau madingi nealkoholiniai g\u0117rimai, d\u0117mesingas aptarnavimas ir atmosfera restorano personalo visada palaikomi tokio lygio, kad sve\u010dias m\u0117gaut\u0173si kiekviena akimirka, praleista vieninteliuose regiono name su \u017eidiniu. \u0160is trij\u0173 \u0161imt\u0173 met\u0173 senumo pastatas apjungia buvus\u012f netoliese esan\u010dios Kadiroru pilies gyvenim\u0105, moderni\u0105 miesto centro atmosfer\u0105 ir pasaulinio lygio virtuv\u0119.<\/p>\n<p>Ry\u0161kiomis spalvomis dekoruotuose kambariuose, o kod\u0117l gi ne net \u017eidinio atbrailoje, poros, \u0161eimos ir didesn\u0117s grup\u0117s ras maloni\u0105 viet\u0105 pas\u0117d\u0117ti ir jausis visi\u0161kai patogiai restorane.<\/p>\n<p>Sveiki i\u0161 Tulemos!<\/p><div class=\"testimonial\"><div class=\"testimonial-content\"><h4><q>Per sunkumus \u012f dang\u0173!<\/q><\/h4><div class=\"testimonial-arrow\"><\/div><\/div><div class=\"testimonial-brand\"><img decoding=\"async\" src=\"https:\/\/mantel-korsten.ee\/wp-content\/uploads\/2018\/08\/mantelkorsten-logo-60x60-min.png\" alt=\"Atsiliepimas apie Mantel kamin\u0173 \u0161eim\u0105\" \/><h5><strong>Mantel Chimney \u0161eima<\/strong><br><em><\/em><\/h5><\/div><\/div><hr class=\"vertical-space1\"><\/div><\/div><\/div><\/section>","protected":false},"excerpt":{"rendered":"M\u016bs\u0173 pirmasis siekis buvo sukurti restoran\u0105 bendruomenei, kuriame gal\u0117tum\u0117te m\u0117gautis geriausio \u0161efo paruo\u0161tu patiekalu kaip darbo dienos pabaiga arba kaip ypatingas savaitgalio skan\u0117stas. Atrodo, mums pavyko. Kadriorgo regionas mus myli, o mes m\u0117gstame pasi\u016blyti \u010dia gyvenantiems \u017emon\u0117ms tikrai ger\u0105 maist\u0105 ir vynus i\u0161 kruop\u0161\u010diai atrinkt\u0173 smulki\u0173 gamintoj\u0173. \u017dinoma, \u0161iek tiek pasisl\u0117p\u0119s \u017ealias namelis medyje visada laukia sve\u010di\u0173 i\u0161 tolimesni\u0173 vietovi\u0173, norin\u010di\u0173 m\u0117gautis autorin\u0117s virtuv\u0117s patiekalais su niuansuota skoni\u0173 palete. Vidur\u017eemio j\u016bros regiono virtuv\u0117, kuri\u0105 m\u016bs\u0173 patyr\u0119s \u0161efas J\u00fcri Vaink\u00fcla pristato paprastai esti\u0161kai, yra niuansuotesn\u0117 nei \u012fprasta manyti \u2013 juk Vidur\u017eemio j\u016bros pakrant\u0117je yra daug \u0161ali\u0173 su skirtingomis maisto kult\u016bromis. Mantel ja Korsten restorano meniu yra tikrai \u012fvairus. Be j\u016bros g\u0117rybi\u0173 ir \u012fvairi\u0173 makaron\u0173 patiekal\u0173, restorane taip pat si\u016blomas Iberico secreto, skumbr\u0117 ir jau garsusis jautienos kepsnys \u201ehanger\u201c. \u0160ef\u0173 k\u016bryboje taip pat yra patiekal\u0173, kurie gali \u0161iek tiek i\u0161stumti paprast\u0105 restorano sve\u010di\u0105 i\u0161 jo komforto zonos. Laukiami visi, ie\u0161kantys nauj\u0173 \u012fdomi\u0173 skoni\u0173, ypa\u010d rekomenduojame m\u016bs\u0173 5 patiekal\u0173 degustacin\u012f meniu \u2013 \u010dia maisto menininkai J\u00fcri ir J\u00fcrgen i\u0161ties k\u016brybingai sujung\u0117 maist\u0105 i\u0161 restorano \u00e0 la carte meniu, taip pat kelet\u0105 nauj\u0173 patiekal\u0173, kurie n\u0117ra dienos meniu dalis. Maistas, kruop\u0161\u010diai atrinkti vynai i\u0161 ma\u017e\u0173 gamintoj\u0173, vis labiau madingi nealkoholiniai g\u0117rimai, d\u0117mesingas aptarnavimas ir atmosfera restorano personalo visada palaikomi tokio lygio, kad sve\u010dias m\u0117gaut\u0173si kiekviena akimirka, praleista vieninteliuose regiono name su \u017eidiniu. \u0160is trij\u0173 \u0161imt\u0173 met\u0173 senumo pastatas apjungia buvus\u012f netoliese esan\u010dios Kadioru pilies gyvenim\u0105, moderni\u0105 miesto centro atmosfer\u0105 ir pasaulinio lygio virtuv\u0119. Ry\u0161kiomis spalvomis dekoruotuose kambariuose ir, kod\u0117l gi ne, net \u017eidinio atbrailoje poros, \u0161eimos ir didesn\u0117s grup\u0117s ras maloni\u0105 viet\u0105 pas\u0117d\u0117ti ir jausis visi\u0161kai patogiai restorane. Sveiki atvyk\u0119 \u012f \u201eCome!\u201c! Per aspera ad astra!Mantel Kamin\u0173 \u0161eima","protected":false},"author":2,"featured_media":0,"parent":0,"menu_order":1,"comment_status":"closed","ping_status":"closed","template":"","meta":{"footnotes":""},"class_list":["post-9","page","type-page","status-publish","hentry"],"yoast_head":"<!-- This site is optimized with the Yoast SEO plugin v24.2 - https:\/\/yoast.com\/wordpress\/plugins\/seo\/ -->\n<title>Meie lugu - Mantel &amp; Korsten<\/title>\n<meta name=\"robots\" content=\"index, follow, max-snippet:-1, max-image-preview:large, max-video-preview:-1\" \/>\n<link rel=\"canonical\" href=\"https:\/\/mantel-korsten.ee\/lt\/musu-istorija\/\" \/>\n<meta property=\"og:locale\" content=\"lt_LT\" \/>\n<meta property=\"og:type\" content=\"article\" \/>\n<meta property=\"og:title\" content=\"Meie lugu - Mantel &amp; Korsten\" \/>\n<meta property=\"og:url\" content=\"https:\/\/mantel-korsten.ee\/lt\/musu-istorija\/\" \/>\n<meta property=\"og:site_name\" content=\"Mantel &amp; Korsten\" \/>\n<meta property=\"article:modified_time\" content=\"2025-04-30T08:34:51+00:00\" \/>\n<meta name=\"twitter:card\" content=\"summary_large_image\" \/>\n<meta name=\"twitter:label1\" content=\"Est. reading time\" \/>\n\t<meta name=\"twitter:data1\" content=\"2 minut\u0117s\" \/>\n<script type=\"application\/ld+json\" class=\"yoast-schema-graph\">{\"@context\":\"https:\/\/schema.org\",\"@graph\":[{\"@type\":\"WebPage\",\"@id\":\"https:\/\/mantel-korsten.ee\/meie-lugu\/\",\"url\":\"https:\/\/mantel-korsten.ee\/meie-lugu\/\",\"name\":\"Meie lugu - Mantel &amp; Korsten\",\"isPartOf\":{\"@id\":\"https:\/\/mantel-korsten.ee\/#website\"},\"datePublished\":\"2016-05-27T07:45:09+00:00\",\"dateModified\":\"2025-04-30T08:34:51+00:00\",\"breadcrumb\":{\"@id\":\"https:\/\/mantel-korsten.ee\/meie-lugu\/#breadcrumb\"},\"inLanguage\":\"lt-LT\",\"potentialAction\":[{\"@type\":\"ReadAction\",\"target\":[\"https:\/\/mantel-korsten.ee\/meie-lugu\/\"]}]},{\"@type\":\"BreadcrumbList\",\"@id\":\"https:\/\/mantel-korsten.ee\/meie-lugu\/#breadcrumb\",\"itemListElement\":[{\"@type\":\"ListItem\",\"position\":1,\"name\":\"Home\",\"item\":\"https:\/\/mantel-korsten.ee\/\"},{\"@type\":\"ListItem\",\"position\":2,\"name\":\"Meie lugu\"}]},{\"@type\":\"WebSite\",\"@id\":\"https:\/\/mantel-korsten.ee\/#website\",\"url\":\"https:\/\/mantel-korsten.ee\/\",\"name\":\"Mantel &amp; Korsten\",\"description\":\"Restoran Kadriorus\",\"potentialAction\":[{\"@type\":\"SearchAction\",\"target\":{\"@type\":\"EntryPoint\",\"urlTemplate\":\"https:\/\/mantel-korsten.ee\/?s={search_term_string}\"},\"query-input\":{\"@type\":\"PropertyValueSpecification\",\"valueRequired\":true,\"valueName\":\"search_term_string\"}}],\"inLanguage\":\"lt-LT\"}]}<\/script>\n<!-- \/ Yoast SEO plugin. -->","yoast_head_json":{"title":"Meie lugu - Mantel &amp; Korsten","robots":{"index":"index","follow":"follow","max-snippet":"max-snippet:-1","max-image-preview":"max-image-preview:large","max-video-preview":"max-video-preview:-1"},"canonical":"https:\/\/mantel-korsten.ee\/lt\/musu-istorija\/","og_locale":"lt_LT","og_type":"article","og_title":"Meie lugu - Mantel &amp; Korsten","og_url":"https:\/\/mantel-korsten.ee\/lt\/musu-istorija\/","og_site_name":"Mantel &amp; Korsten","article_modified_time":"2025-04-30T08:34:51+00:00","twitter_card":"summary_large_image","twitter_misc":{"Est. reading time":"2 minut\u0117s"},"schema":{"@context":"https:\/\/schema.org","@graph":[{"@type":"WebPage","@id":"https:\/\/mantel-korsten.ee\/meie-lugu\/","url":"https:\/\/mantel-korsten.ee\/meie-lugu\/","name":"Meie lugu - Mantel &amp; Korsten","isPartOf":{"@id":"https:\/\/mantel-korsten.ee\/#website"},"datePublished":"2016-05-27T07:45:09+00:00","dateModified":"2025-04-30T08:34:51+00:00","breadcrumb":{"@id":"https:\/\/mantel-korsten.ee\/meie-lugu\/#breadcrumb"},"inLanguage":"lt-LT","potentialAction":[{"@type":"ReadAction","target":["https:\/\/mantel-korsten.ee\/meie-lugu\/"]}]},{"@type":"BreadcrumbList","@id":"https:\/\/mantel-korsten.ee\/meie-lugu\/#breadcrumb","itemListElement":[{"@type":"ListItem","position":1,"name":"Home","item":"https:\/\/mantel-korsten.ee\/"},{"@type":"ListItem","position":2,"name":"Meie lugu"}]},{"@type":"WebSite","@id":"https:\/\/mantel-korsten.ee\/#website","url":"https:\/\/mantel-korsten.ee\/","name":"Mantel &amp; Korsten","description":"Restoran Kadriorus","potentialAction":[{"@type":"SearchAction","target":{"@type":"EntryPoint","urlTemplate":"https:\/\/mantel-korsten.ee\/?s={search_term_string}"},"query-input":{"@type":"PropertyValueSpecification","valueRequired":true,"valueName":"search_term_string"}}],"inLanguage":"lt-LT"}]}},"_links":{"self":[{"href":"https:\/\/mantel-korsten.ee\/lt\/wp-json\/wp\/v2\/pages\/9","targetHints":{"allow":["GET"]}}],"collection":[{"href":"https:\/\/mantel-korsten.ee\/lt\/wp-json\/wp\/v2\/pages"}],"about":[{"href":"https:\/\/mantel-korsten.ee\/lt\/wp-json\/wp\/v2\/types\/page"}],"author":[{"embeddable":true,"href":"https:\/\/mantel-korsten.ee\/lt\/wp-json\/wp\/v2\/users\/2"}],"replies":[{"embeddable":true,"href":"https:\/\/mantel-korsten.ee\/lt\/wp-json\/wp\/v2\/comments?post=9"}],"version-history":[{"count":5,"href":"https:\/\/mantel-korsten.ee\/lt\/wp-json\/wp\/v2\/pages\/9\/revisions"}],"predecessor-version":[{"id":10353,"href":"https:\/\/mantel-korsten.ee\/lt\/wp-json\/wp\/v2\/pages\/9\/revisions\/10353"}],"wp:attachment":[{"href":"https:\/\/mantel-korsten.ee\/lt\/wp-json\/wp\/v2\/media?parent=9"}],"curies":[{"name":"wp","href":"https:\/\/api.w.org\/{rel}","templated":true}]}}