{"id":11,"date":"2016-05-27T10:45:24","date_gmt":"2016-05-27T07:45:24","guid":{"rendered":"https:\/\/mantel-korsten.ee\/?page_id=11"},"modified":"2026-02-06T14:15:46","modified_gmt":"2026-02-06T12:15:46","slug":"menuu","status":"publish","type":"page","link":"https:\/\/mantel-korsten.ee\/lv\/edienkarte\/","title":{"rendered":"Izv\u0113lne"},"content":{"rendered":"<section class=\"wpb_row\"><div class=\"wpb_column vc_column_container vc_col-sm-12\"><div class=\"vc_column-inner\"><div class=\"wpb_wrapper\"><\/div><\/div><\/div><\/section><section class=\"wpb_row\"><div class=\"wpb_column vc_column_container vc_col-sm-12\"><div class=\"vc_column-inner\"><div class=\"wpb_wrapper\"><div class=\"max-title6\"><h2>Uzkoda<\/h2><\/div><div class=\"food-menu-w2\">\r\n\r\n\t\t\t\t\t<div class=\"fm-w2-item\">\r\n\r\n\t\t\t\t\t\t<div class=\"fm-w2-top\">\r\n\r\n\t\t\t\t\t\t\t<span class=\"fm-w2-name\">Portobello\/topinamb\u016bru\/s\u0113\u0146u buljons<\/span>\r\n\t\t\t\t\t\t\t\r\n\t\t\t\t\t\t\t<span class=\"fm-w2-price\">10\u20ac<\/span>\r\n\r\n\t\t\t\t\t\t\t\r\n\r\n\t\t\t\t\t\t<\/div>\r\n\r\n\t\t\t\t\t\t<div class=\"fm-w2-des\">Zupa \/ Citrons \/ \u0136iploks<\/div>\r\n\r\n\t\t\t\t\t\t\r\n\r\n\t\t\t\t\t<\/div>\r\n\r\n\t\t\t\t\t<div class=\"fm-w2-item\">\r\n\r\n\t\t\t\t\t\t<div class=\"fm-w2-top\">\r\n\r\n\t\t\t\t\t\t\t<span class=\"fm-w2-name\">Skumbrija\/bietes\/m\u0101rrutki\/kr\u0113juma siers<\/span>\r\n\t\t\t\t\t\t\t\r\n\t\t\t\t\t\t\t<span class=\"fm-w2-price\">12\u20ac<\/span>\r\n\r\n\t\t\t\t\t\t\t\r\n\r\n\t\t\t\t\t\t<\/div>\r\n\r\n\t\t\t\t\t\t<div class=\"fm-w2-des\">Zupa \/ Citrons \/ \u0136iploks<\/div>\r\n\r\n\t\t\t\t\t\t\r\n\r\n\t\t\t\t\t<\/div>\r\n\r\n\t\t\t\t\t<div class=\"fm-w2-item\">\r\n\r\n\t\t\t\t\t\t<div class=\"fm-w2-top\">\r\n\r\n\t\t\t\t\t\t\t<span class=\"fm-w2-name\">Trife\u013cu aran\u010d\u012bni\/k\u016bpin\u0101ta p\u012ble\/\u0137irbis<\/span>\r\n\t\t\t\t\t\t\t\r\n\t\t\t\t\t\t\t<span class=\"fm-w2-price\">12\u20ac<\/span>\r\n\r\n\t\t\t\t\t\t\t\r\n\r\n\t\t\t\t\t\t<\/div>\r\n\r\n\t\t\t\t\t\t<div class=\"fm-w2-des\">Zupa \/ Citrons \/ \u0136iploks<\/div>\r\n\r\n\t\t\t\t\t\t\r\n\r\n\t\t\t\t\t<\/div>\r\n\r\n\t\t\t\t\t<div class=\"fm-w2-item\">\r\n\r\n\t\t\t\t\t\t<div class=\"fm-w2-top\">\r\n\r\n\t\t\t\t\t\t\t<span class=\"fm-w2-name\">Liellopa tartars\/olu dzeltenums\/k\u016bpin\u0101ta paprika<\/span>\r\n\t\t\t\t\t\t\t\r\n\t\t\t\t\t\t\t<span class=\"fm-w2-price\">14\u20ac<\/span>\r\n\r\n\t\t\t\t\t\t\t\r\n\r\n\t\t\t\t\t\t<\/div>\r\n\r\n\t\t\t\t\t\t<div class=\"fm-w2-des\">Zupa \/ Citrons \/ \u0136iploks<\/div>\r\n\r\n\t\t\t\t\t\t\r\n\r\n\t\t\t\t\t<\/div>\r\n\r\n\t\t\t\t\t<div class=\"fm-w2-item\">\r\n\r\n\t\t\t\t\t\t<div class=\"fm-w2-top\">\r\n\r\n\t\t\t\t\t\t\t<span class=\"fm-w2-name\">Kazas siera\/bie\u0161u\/bumbieru\/za\u013co sal\u0101tu<\/span>\r\n\t\t\t\t\t\t\t\r\n\t\t\t\t\t\t\t<span class=\"fm-w2-price\">12\u20ac<\/span>\r\n\r\n\t\t\t\t\t\t\t\r\n\r\n\t\t\t\t\t\t<\/div>\r\n\r\n\t\t\t\t\t\t<div class=\"fm-w2-des\">Zupa \/ Citrons \/ \u0136iploks<\/div>\r\n\r\n\t\t\t\t\t\t\r\n\r\n\t\t\t\t\t<\/div><\/div><div class=\"max-title6\"><h2><\/h2><\/div><div class=\"food-menu-w2\"><\/div><div class=\"max-title6\"><h2>Galvenais \u0113diens<\/h2><\/div><div class=\"food-menu-w2\">\r\n\r\n\t\t\t\t\t<div class=\"fm-w2-item\">\r\n\r\n\t\t\t\t\t\t<div class=\"fm-w2-top\">\r\n\r\n\t\t\t\t\t\t\t<span class=\"fm-w2-name\">Selerijas sakne &quot;Tagliatelle&quot;\/austeru serviks\/tapen\u0101de<\/span>\r\n\t\t\t\t\t\t\t\r\n\t\t\t\t\t\t\t<span class=\"fm-w2-price\">18\u20ac<\/span>\r\n\r\n\t\t\t\t\t\t\t\r\n\r\n\t\t\t\t\t\t<\/div>\r\n\r\n\t\t\t\t\t\t<div class=\"fm-w2-des\">Zupa \/ Citrons \/ \u0136iploks<\/div>\r\n\r\n\t\t\t\t\t\t\r\n\r\n\t\t\t\t\t<\/div>\r\n\r\n\t\t\t\t\t<div class=\"fm-w2-item\">\r\n\r\n\t\t\t\t\t\t<div class=\"fm-w2-top\">\r\n\r\n\t\t\t\t\t\t\t<span class=\"fm-w2-name\">La\u0161a ravioli\/fenhe\u013ca\/om\u0101ra bisks<\/span>\r\n\t\t\t\t\t\t\t\r\n\t\t\t\t\t\t\t<span class=\"fm-w2-price\">16\u20ac<\/span>\r\n\r\n\t\t\t\t\t\t\t\r\n\r\n\t\t\t\t\t\t<\/div>\r\n\r\n\t\t\t\t\t\t<div class=\"fm-w2-des\">Zupa \/ Citrons \/ \u0136iploks<\/div>\r\n\r\n\t\t\t\t\t\t\r\n\r\n\t\t\t\t\t<\/div>\r\n\r\n\t\t\t\t\t<div class=\"fm-w2-item\">\r\n\r\n\t\t\t\t\t\t<div class=\"fm-w2-top\">\r\n\r\n\t\t\t\t\t\t\t<span class=\"fm-w2-name\">Njo\u0137i\/parmez\u0101ns\/\u010dorizo\/saul\u0113 kalt\u0113ti tom\u0101ti\/be\u0161amela siers <\/span>\r\n\t\t\t\t\t\t\t\r\n\t\t\t\t\t\t\t<span class=\"fm-w2-price\">16\u20ac<\/span>\r\n\r\n\t\t\t\t\t\t\t\r\n\r\n\t\t\t\t\t\t<\/div>\r\n\r\n\t\t\t\t\t\t<div class=\"fm-w2-des\">Zupa \/ Citrons \/ \u0136iploks<\/div>\r\n\r\n\t\t\t\t\t\t\r\n\r\n\t\t\t\t\t<\/div>\r\n\r\n\t\t\t\t\t<div class=\"fm-w2-item\">\r\n\r\n\t\t\t\t\t\t<div class=\"fm-w2-top\">\r\n\r\n\t\t\t\t\t\t\t<span class=\"fm-w2-name\">Vieta\/zilais krabis\/romie\u0161u sal\u0101ti\/sidra m\u0113rce<\/span>\r\n\t\t\t\t\t\t\t\r\n\t\t\t\t\t\t\t<span class=\"fm-w2-price\">22\u20ac<\/span>\r\n\r\n\t\t\t\t\t\t\t\r\n\r\n\t\t\t\t\t\t<\/div>\r\n\r\n\t\t\t\t\t\t<div class=\"fm-w2-des\">Zupa \/ Citrons \/ \u0136iploks<\/div>\r\n\r\n\t\t\t\t\t\t\r\n\r\n\t\t\t\t\t<\/div>\r\n\r\n\t\t\t\t\t<div class=\"fm-w2-item\">\r\n\r\n\t\t\t\t\t\t<div class=\"fm-w2-top\">\r\n\r\n\t\t\t\t\t\t\t<span class=\"fm-w2-name\">Liellopa Petite Tender\/austeru fileja\/puravs\/piparu m\u0113rce<\/span>\r\n\t\t\t\t\t\t\t\r\n\t\t\t\t\t\t\t<span class=\"fm-w2-price\">22\u20ac<\/span>\r\n\r\n\t\t\t\t\t\t\t\r\n\r\n\t\t\t\t\t\t<\/div>\r\n\r\n\t\t\t\t\t\t<div class=\"fm-w2-des\">Zupa \/ Citrons \/ \u0136iploks<\/div>\r\n\r\n\t\t\t\t\t\t\r\n\r\n\t\t\t\t\t<\/div><\/div><div class=\"max-title6\"><h2>Salds<\/h2><\/div><div class=\"food-menu-w2\">\r\n\r\n\t\t\t\t\t<div class=\"fm-w2-item\">\r\n\r\n\t\t\t\t\t\t<div class=\"fm-w2-top\">\r\n\r\n\t\t\t\t\t\t\t<span class=\"fm-w2-name\">Kivi muss\/kivi\/kokosriekstu sorbets<\/span>\r\n\t\t\t\t\t\t\t\r\n\t\t\t\t\t\t\t<span class=\"fm-w2-price\">8\u20ac<\/span>\r\n\r\n\t\t\t\t\t\t\t\r\n\r\n\t\t\t\t\t\t<\/div>\r\n\r\n\t\t\t\t\t\t<div class=\"fm-w2-des\">Zupa \/ Citrons \/ \u0136iploks<\/div>\r\n\r\n\t\t\t\t\t\t\r\n\r\n\t\t\t\t\t<\/div>\r\n\r\n\t\t\t\t\t<div class=\"fm-w2-item\">\r\n\r\n\t\t\t\t\t\t<div class=\"fm-w2-top\">\r\n\r\n\t\t\t\t\t\t\t<span class=\"fm-w2-name\">Kanel\u00e8\/citrona\/vani\u013cas sald\u0113jums <\/span>\r\n\t\t\t\t\t\t\t\r\n\t\t\t\t\t\t\t<span class=\"fm-w2-price\">9\u20ac<\/span>\r\n\r\n\t\t\t\t\t\t\t\r\n\r\n\t\t\t\t\t\t<\/div>\r\n\r\n\t\t\t\t\t\t<div class=\"fm-w2-des\">Zupa \/ Citrons \/ \u0136iploks<\/div>\r\n\r\n\t\t\t\t\t\t\r\n\r\n\t\t\t\t\t<\/div>\r\n\r\n\t\t\t\t\t<div class=\"fm-w2-item\">\r\n\r\n\t\t\t\t\t\t<div class=\"fm-w2-top\">\r\n\r\n\t\t\t\t\t\t\t<span class=\"fm-w2-name\">\u0100bolu Tarte Tatin\/karame\u013cu\/vani\u013cas sald\u0113jums<\/span>\r\n\t\t\t\t\t\t\t\r\n\t\t\t\t\t\t\t<span class=\"fm-w2-price\">9\u20ac<\/span>\r\n\r\n\t\t\t\t\t\t\t\r\n\r\n\t\t\t\t\t\t<\/div>\r\n\r\n\t\t\t\t\t\t<div class=\"fm-w2-des\">Zupa \/ Citrons \/ \u0136iploks<\/div>\r\n\r\n\t\t\t\t\t\t\r\n\r\n\t\t\t\t\t<\/div>\r\n\r\n\t\t\t\t\t<div class=\"fm-w2-item\">\r\n\r\n\t\t\t\t\t\t<div class=\"fm-w2-top\">\r\n\r\n\t\t\t\t\t\t\t<span class=\"fm-w2-name\">Viena bumbi\u0146a sald\u0113juma vai sorbeta<\/span>\r\n\t\t\t\t\t\t\t\r\n\t\t\t\t\t\t\t<span class=\"fm-w2-price\">3\u20ac<\/span>\r\n\r\n\t\t\t\t\t\t\t\r\n\r\n\t\t\t\t\t\t<\/div>\r\n\r\n\t\t\t\t\t\t<div class=\"fm-w2-des\">Zupa \/ Citrons \/ \u0136iploks<\/div>\r\n\r\n\t\t\t\t\t\t\r\n\r\n\t\t\t\t\t<\/div><\/div>\n\t<div class=\"wpb_text_column wpb_content_element\" >\n\t\t<div class=\"wpb_wrapper\">\n\t\t\t<p style=\"text-align: center;\"><em>Jaut\u0101jiet viesm\u012blim inform\u0101ciju par alerg\u0113niem.<\/em><\/p>\n\n\t\t<\/div>\n\t<\/div>\n<\/div><\/div><\/div><div class=\"wpb_column vc_column_container vc_col-sm-12\"><div class=\"vc_column-inner\"><div class=\"wpb_wrapper\"><\/div><\/div><\/div><\/section><section class=\"vc_section\"><section class=\"wpb_row\"><div class=\"wpb_column vc_column_container vc_col-sm-12\"><div class=\"vc_column-inner\"><div class=\"wpb_wrapper\"><\/div><\/div><\/div><\/section><\/section>","protected":false},"excerpt":{"rendered":"Uzkoda Portobello\/ Topinamb\u016bru\/s\u0113\u0146u zupa 10\u20ac Zupa \/ Citrons \/ \u0136iploku Skumbrija\/bietes\/m\u0101rrutki\/kr\u0113juma siers 12\u20ac Zupa \/ Citrons \/ \u0136iploku Trife\u013cu aranc\u012bni\/k\u016bpin\u0101ta p\u012ble\/\u0137irbis 12\u20ac Zupa \/ Citrons \/ \u0136iploku Liellopa tartars\/olas dzeltenums\/k\u016bpin\u0101ta paprika 14\u20ac Zupa \/ Citrons \/ \u0136iploku Kazas siers\/bietes\/bumbieris\/za\u013cie sal\u0101ti 12\u20ac Zupa \/ Citrons \/ \u0136iploku Pamat\u0113diens Selerijas sakne \u201eTagliatelle\u201c\/austeres fileja\/tapen\u0101de 18\u20ac Zupa \/ Citrons \/ \u0136iploku La\u0161a ravioli\/fenhelis\/om\u0101ra bisks 16\u20ac Zupa \/ Citrons \/ \u0136iploku Njo\u0137i\/parmez\u0101ns\/chorizo\/saul\u0113 kalt\u0113ti tom\u0101ti\/be\u0161amels 16\u20ac Zupa \/ Citrons \/ \u0136iploku Menca\/m\u012bdijas\/romie\u0161u sal\u0101ti\/sidra m\u0113rce 22\u20ac Zupa \/ Citrons \/ \u0136iploku Liellopa fileja\/austeres fileja\/puravi\/piparu m\u0113rce 22\u20ac Zupa \/ Citrons \/ \u0136iploku saldais kivi muss\/kivi\/kokosriekstu sorbets 8\u20ac Zupa \/ Citrons \/ \u0136iploku Canel\u00e8\/citrons\/vani\u013cas sald\u0113jums 9\u20ac Zupa \/ Citrons \/ \u0136iploku \u0101bolu Tarte Tatin\/karame\u013cu\/vani\u013cas sald\u0113jums 9\u20ac Zupa \/ Citrons \/ \u0136iploku Viena bumbi\u0146a sald\u0113juma vai sorbeta 3\u20ac Zupa \/ Citrons \/ \u0136iploku Jaut\u0101jiet viesm\u012blim inform\u0101ciju par alerg\u0113niem","protected":false},"author":2,"featured_media":0,"parent":0,"menu_order":2,"comment_status":"closed","ping_status":"closed","template":"","meta":{"footnotes":""},"class_list":["post-11","page","type-page","status-publish","hentry"],"yoast_head":"<!-- This site is optimized with the Yoast SEO plugin v24.2 - https:\/\/yoast.com\/wordpress\/plugins\/seo\/ -->\n<title>Men\u00fc\u00fc - Mantel &amp; Korsten<\/title>\n<meta name=\"robots\" content=\"index, follow, max-snippet:-1, max-image-preview:large, max-video-preview:-1\" \/>\n<link rel=\"canonical\" href=\"https:\/\/mantel-korsten.ee\/lv\/edienkarte\/\" \/>\n<meta property=\"og:locale\" content=\"lv_LV\" \/>\n<meta property=\"og:type\" content=\"article\" \/>\n<meta property=\"og:title\" content=\"Men\u00fc\u00fc - Mantel &amp; Korsten\" \/>\n<meta property=\"og:url\" content=\"https:\/\/mantel-korsten.ee\/lv\/edienkarte\/\" \/>\n<meta property=\"og:site_name\" content=\"Mantel &amp; Korsten\" \/>\n<meta property=\"article:modified_time\" content=\"2026-02-06T12:15:46+00:00\" \/>\n<meta name=\"twitter:card\" content=\"summary_large_image\" \/>\n<meta name=\"twitter:label1\" content=\"Est. reading time\" \/>\n\t<meta name=\"twitter:data1\" content=\"1 min\u016bte\" \/>\n<script type=\"application\/ld+json\" class=\"yoast-schema-graph\">{\"@context\":\"https:\/\/schema.org\",\"@graph\":[{\"@type\":\"WebPage\",\"@id\":\"https:\/\/mantel-korsten.ee\/menuu\/\",\"url\":\"https:\/\/mantel-korsten.ee\/menuu\/\",\"name\":\"Men\u00fc\u00fc - Mantel &amp; Korsten\",\"isPartOf\":{\"@id\":\"https:\/\/mantel-korsten.ee\/#website\"},\"datePublished\":\"2016-05-27T07:45:24+00:00\",\"dateModified\":\"2026-02-06T12:15:46+00:00\",\"breadcrumb\":{\"@id\":\"https:\/\/mantel-korsten.ee\/menuu\/#breadcrumb\"},\"inLanguage\":\"lv-LV\",\"potentialAction\":[{\"@type\":\"ReadAction\",\"target\":[\"https:\/\/mantel-korsten.ee\/menuu\/\"]}]},{\"@type\":\"BreadcrumbList\",\"@id\":\"https:\/\/mantel-korsten.ee\/menuu\/#breadcrumb\",\"itemListElement\":[{\"@type\":\"ListItem\",\"position\":1,\"name\":\"Home\",\"item\":\"https:\/\/mantel-korsten.ee\/\"},{\"@type\":\"ListItem\",\"position\":2,\"name\":\"Men\u00fc\u00fc\"}]},{\"@type\":\"WebSite\",\"@id\":\"https:\/\/mantel-korsten.ee\/#website\",\"url\":\"https:\/\/mantel-korsten.ee\/\",\"name\":\"Mantel &amp; Korsten\",\"description\":\"Restoran Kadriorus\",\"potentialAction\":[{\"@type\":\"SearchAction\",\"target\":{\"@type\":\"EntryPoint\",\"urlTemplate\":\"https:\/\/mantel-korsten.ee\/?s={search_term_string}\"},\"query-input\":{\"@type\":\"PropertyValueSpecification\",\"valueRequired\":true,\"valueName\":\"search_term_string\"}}],\"inLanguage\":\"lv-LV\"}]}<\/script>\n<!-- \/ Yoast SEO plugin. -->","yoast_head_json":{"title":"Men\u00fc\u00fc - Mantel &amp; Korsten","robots":{"index":"index","follow":"follow","max-snippet":"max-snippet:-1","max-image-preview":"max-image-preview:large","max-video-preview":"max-video-preview:-1"},"canonical":"https:\/\/mantel-korsten.ee\/lv\/edienkarte\/","og_locale":"lv_LV","og_type":"article","og_title":"Men\u00fc\u00fc - Mantel &amp; Korsten","og_url":"https:\/\/mantel-korsten.ee\/lv\/edienkarte\/","og_site_name":"Mantel &amp; Korsten","article_modified_time":"2026-02-06T12:15:46+00:00","twitter_card":"summary_large_image","twitter_misc":{"Est. reading time":"1 min\u016bte"},"schema":{"@context":"https:\/\/schema.org","@graph":[{"@type":"WebPage","@id":"https:\/\/mantel-korsten.ee\/menuu\/","url":"https:\/\/mantel-korsten.ee\/menuu\/","name":"Men\u00fc\u00fc - Mantel &amp; Korsten","isPartOf":{"@id":"https:\/\/mantel-korsten.ee\/#website"},"datePublished":"2016-05-27T07:45:24+00:00","dateModified":"2026-02-06T12:15:46+00:00","breadcrumb":{"@id":"https:\/\/mantel-korsten.ee\/menuu\/#breadcrumb"},"inLanguage":"lv-LV","potentialAction":[{"@type":"ReadAction","target":["https:\/\/mantel-korsten.ee\/menuu\/"]}]},{"@type":"BreadcrumbList","@id":"https:\/\/mantel-korsten.ee\/menuu\/#breadcrumb","itemListElement":[{"@type":"ListItem","position":1,"name":"Home","item":"https:\/\/mantel-korsten.ee\/"},{"@type":"ListItem","position":2,"name":"Men\u00fc\u00fc"}]},{"@type":"WebSite","@id":"https:\/\/mantel-korsten.ee\/#website","url":"https:\/\/mantel-korsten.ee\/","name":"Mantel &amp; Korsten","description":"Restoran Kadriorus","potentialAction":[{"@type":"SearchAction","target":{"@type":"EntryPoint","urlTemplate":"https:\/\/mantel-korsten.ee\/?s={search_term_string}"},"query-input":{"@type":"PropertyValueSpecification","valueRequired":true,"valueName":"search_term_string"}}],"inLanguage":"lv-LV"}]}},"_links":{"self":[{"href":"https:\/\/mantel-korsten.ee\/lv\/wp-json\/wp\/v2\/pages\/11","targetHints":{"allow":["GET"]}}],"collection":[{"href":"https:\/\/mantel-korsten.ee\/lv\/wp-json\/wp\/v2\/pages"}],"about":[{"href":"https:\/\/mantel-korsten.ee\/lv\/wp-json\/wp\/v2\/types\/page"}],"author":[{"embeddable":true,"href":"https:\/\/mantel-korsten.ee\/lv\/wp-json\/wp\/v2\/users\/2"}],"replies":[{"embeddable":true,"href":"https:\/\/mantel-korsten.ee\/lv\/wp-json\/wp\/v2\/comments?post=11"}],"version-history":[{"count":5,"href":"https:\/\/mantel-korsten.ee\/lv\/wp-json\/wp\/v2\/pages\/11\/revisions"}],"predecessor-version":[{"id":10565,"href":"https:\/\/mantel-korsten.ee\/lv\/wp-json\/wp\/v2\/pages\/11\/revisions\/10565"}],"wp:attachment":[{"href":"https:\/\/mantel-korsten.ee\/lv\/wp-json\/wp\/v2\/media?parent=11"}],"curies":[{"name":"wp","href":"https:\/\/api.w.org\/{rel}","templated":true}]}}