{"id":9,"date":"2016-05-27T10:45:09","date_gmt":"2016-05-27T07:45:09","guid":{"rendered":"https:\/\/mantel-korsten.ee\/?page_id=9"},"modified":"2025-04-30T11:34:51","modified_gmt":"2025-04-30T08:34:51","slug":"meie-lugu","status":"publish","type":"page","link":"https:\/\/mantel-korsten.ee\/lv\/musu-stasts\/","title":{"rendered":"M\u016bsu st\u0101sts"},"content":{"rendered":"<section class=\"wpb_row\"><div class=\"wpb_column vc_column_container vc_col-sm-6\"><div class=\"vc_column-inner\"><div class=\"wpb_wrapper\">\n\t<div  class=\"wpb_single_image wpb_content_element vc_align_left wpb_content_element\">\n\t\t\n\t\t<figure class=\"wpb_wrapper vc_figure\">\n\t\t\t<div class=\"vc_single_image-wrapper   vc_box_border_grey\"><img loading=\"lazy\" decoding=\"async\" width=\"2560\" height=\"1707\" src=\"https:\/\/mantel-korsten.ee\/wp-content\/uploads\/2025\/04\/imgl1253_fullsize_fotograaf.lauri_.laan_-scaled-1.jpg\" class=\"vc_single_image-img attachment-full\" alt=\"\" title=\"imgl1253_fullsize_fotograaf.lauri_.laan_-scaled\" srcset=\"https:\/\/mantel-korsten.ee\/wp-content\/uploads\/2025\/04\/imgl1253_fullsize_fotograaf.lauri_.laan_-scaled-1.jpg 2560w, https:\/\/mantel-korsten.ee\/wp-content\/uploads\/2025\/04\/imgl1253_fullsize_fotograaf.lauri_.laan_-scaled-1-300x200.jpg 300w, https:\/\/mantel-korsten.ee\/wp-content\/uploads\/2025\/04\/imgl1253_fullsize_fotograaf.lauri_.laan_-scaled-1-1024x683.jpg 1024w, https:\/\/mantel-korsten.ee\/wp-content\/uploads\/2025\/04\/imgl1253_fullsize_fotograaf.lauri_.laan_-scaled-1-768x512.jpg 768w, https:\/\/mantel-korsten.ee\/wp-content\/uploads\/2025\/04\/imgl1253_fullsize_fotograaf.lauri_.laan_-scaled-1-1536x1024.jpg 1536w, https:\/\/mantel-korsten.ee\/wp-content\/uploads\/2025\/04\/imgl1253_fullsize_fotograaf.lauri_.laan_-scaled-1-2048x1366.jpg 2048w, https:\/\/mantel-korsten.ee\/wp-content\/uploads\/2025\/04\/imgl1253_fullsize_fotograaf.lauri_.laan_-scaled-1-18x12.jpg 18w, https:\/\/mantel-korsten.ee\/wp-content\/uploads\/2025\/04\/imgl1253_fullsize_fotograaf.lauri_.laan_-scaled-1-420x280.jpg 420w, https:\/\/mantel-korsten.ee\/wp-content\/uploads\/2025\/04\/imgl1253_fullsize_fotograaf.lauri_.laan_-scaled-1-690x460.jpg 690w\" sizes=\"auto, (max-width: 2560px) 100vw, 2560px\" \/><\/div>\n\t\t<\/figure>\n\t<\/div>\n<\/div><\/div><\/div><div class=\"wpb_column vc_column_container vc_col-sm-6\"><div class=\"vc_column-inner\"><div class=\"wpb_wrapper\"><p class=\"\">M\u016bsu pirmais m\u0113r\u0137is bija izveidot restor\u0101nu kopienai, kur darba dienas nosl\u0113gum\u0101 vai k\u0101 \u012bpa\u0161u cienastu ned\u0113\u013cas nogal\u0113 var\u0113tu baud\u012bt \u0113dienu, ko gatavojis augst\u0101k\u0101 l\u012bme\u0146a \u0161efpav\u0101rs. \u0160\u0137iet, ka mums ir izdevies. Kadriorgas re\u0123ions m\u016bs m\u012bl, un m\u0113s ar prieku pied\u0101v\u0101jam \u0161eit dz\u012bvojo\u0161ajiem patie\u0161\u0101m labu \u0113dienu un v\u012bnus no r\u016bp\u012bgi atlas\u012btiem mazajiem ra\u017eot\u0101jiem. Protams, nedaudz pasl\u0113pt\u0101 za\u013c\u0101 koka m\u0101ja vienm\u0113r gaida viesus no t\u0101l\u0101k\u0101m viet\u0101m, kuri v\u0113las baud\u012bt autora virtuvi ar nians\u0113tu gar\u0161u paleti.<\/p>\n<p>Vidusj\u016bras virtuves \u0113dieni, ko gatavo m\u016bsu pieredz\u0113ju\u0161ais \u0161efpav\u0101rs <strong>Jiri Vainkila<\/strong><strong>\u00a0<\/strong>vienk\u0101r\u0161\u0101 igaunisk\u0101 veid\u0101 iepaz\u012bstin\u0101ts, ir nians\u0113t\u0101ks, nek\u0101 parasti tiek uzskat\u012bts \u2013 galu gal\u0101 Vidusj\u016bras piekrast\u0113 ir daudz valstu ar at\u0161\u0137ir\u012bg\u0101m \u0113dienu kult\u016br\u0101m. Restor\u0101na &quot;Mantel ja Korsten&quot; \u0113dienkarte ir patiesi daudzveid\u012bga. Papildus j\u016bras velt\u0113m un da\u017e\u0101diem makaronu \u0113dieniem restor\u0101ns pied\u0101v\u0101 ar\u012b, piem\u0113ram: <em>Ib\u0113rijas slepenais<\/em>, makrele un jau slavenais liellopa ga\u013cas steiks ar \u0101\u0137i. \u0160efpav\u0101ru rad\u012btajos \u0113dienos ir ar\u012b t\u0101di \u0113dieni, kas vidusm\u0113ra restor\u0101na viesi var\u0113tu nedaudz izstumt \u0101rpus savas komforta zonas. Laipni l\u016bgti visi, kas mekl\u0113 aizraujo\u0161as jaunas gar\u0161as, \u012bpa\u0161i iesak\u0101m m\u016bsu 5 \u0113dienu degust\u0101cijas \u0113dienkarti \u2013 \u0161eit \u0113dienu m\u0101kslinieki Jiri un Jirgens ir patiesi rado\u0161i apvienoju\u0161i \u0113dienus no restor\u0101na \u00e0 la carte \u0113dienkartes, k\u0101 ar\u012b vair\u0101kus jaunus \u0113dienus, kas nav iek\u013cauti ikdienas \u0113dienkart\u0113.<\/p>\n<p>\u0112diens, r\u016bp\u012bgi atlas\u012bti v\u012bni no mazajiem ra\u017eot\u0101jiem, arvien popul\u0101r\u0101kie bezalkoholiskie dz\u0113rieni, uzman\u012bga apkalpo\u0161ana un atmosf\u0113ra restor\u0101na person\u0101la vienm\u0113r tiek uztur\u0113ta t\u0101d\u0101 l\u012bmen\u012b, lai viesis izbaud\u012btu katru mirkli, ko pavada vien\u012bgaj\u0101 m\u0101j\u0101 re\u0123ion\u0101 ar kam\u012bna dzegu. \u0160\u012b tr\u012bssimt gadus vec\u0101 \u0113ka apvieno net\u0101lu eso\u0161\u0101s Kadioru pils biju\u0161o dz\u012bvi, pils\u0113tas centra moderno atmosf\u0113ru un pasaules l\u012bme\u0146a virtuvi.<\/p>\n<p>Ko\u0161\u0101s kr\u0101s\u0101s veidotaj\u0101s telp\u0101s un, k\u0101p\u0113c gan ne, pat kam\u012bna iek\u0161pus\u0113 p\u0101ri un \u0123imenes, k\u0101 ar\u012b liel\u0101kas grupas atrad\u012bs pat\u012bkamu vietu, kur aps\u0113sties, j\u016btoties piln\u012bgi \u0113rti restor\u0101n\u0101.<\/p>\n<p>Sveiciens no Tulemas!<\/p><div class=\"testimonial\"><div class=\"testimonial-content\"><h4><q>Caur gr\u016bt\u012bb\u0101m uz zvaigzn\u0113m!<\/q><\/h4><div class=\"testimonial-arrow\"><\/div><\/div><div class=\"testimonial-brand\"><img decoding=\"async\" src=\"https:\/\/mantel-korsten.ee\/wp-content\/uploads\/2018\/08\/mantelkorsten-logo-60x60-min.png\" alt=\"Atsauksme par Mantel skurste\u0146u saimi\" \/><h5><strong>Mantel Chimney \u0123imene<\/strong><br><em><\/em><\/h5><\/div><\/div><hr class=\"vertical-space1\"><\/div><\/div><\/div><\/section>","protected":false},"excerpt":{"rendered":"M\u016bsu s\u0101kotn\u0113jais m\u0113r\u0137is bija izveidot restor\u0101nu kopienai, kur darba dienas nosl\u0113guma akord\u0101 vai k\u0101 \u012bpa\u0161u ned\u0113\u013cas nogales cienastu var baud\u012bt augst\u0101k\u0101 l\u012bme\u0146a \u0161efpav\u0101ra pagatavotu \u0113dienu. \u0160\u0137iet, ka mums tas ir izdevies. Kadriorgas rajons m\u016bs m\u012bl, un mums pat\u012bk pied\u0101v\u0101t \u0161eit dz\u012bvojo\u0161ajiem patie\u0161\u0101m labu \u0113dienu un r\u016bp\u012bgi atlas\u012btus v\u012bnus no mazajiem ra\u017eot\u0101jiem. Protams, nedaudz pasl\u0113pt\u0101 za\u013c\u0101 koka m\u0101ja vienm\u0113r gaida viesus no t\u0101l\u0101k\u0101m viet\u0101m, kuri v\u0113las baud\u012bt autora virtuvi ar nians\u0113tu gar\u0161u paleti. Vidusj\u016bras virtuve, ko m\u016bsu pieredz\u0113ju\u0161ais \u0161efpav\u0101rs Jiri Vainkila iepaz\u012bstina vienk\u0101r\u0161\u0101 igau\u0146u valod\u0101, ir nians\u0113t\u0101ka, nek\u0101 parasti tiek dom\u0101ts \u2013 galu gal\u0101 gar Vidusj\u016bru atrodas daudzas valstis ar at\u0161\u0137ir\u012bg\u0101m \u0113dienu kult\u016br\u0101m. Restor\u0101na Mantel ja Korsten \u0113dienkarte ir patiesi daudzveid\u012bga. Papildus j\u016bras velt\u0113m un makaronu \u0113dieniem, kas ir pilni ar vari\u0101cij\u0101m, restor\u0101ns pied\u0101v\u0101 ar\u012b, piem\u0113ram, Iberico secreto, skumbriju un jau slaveno liellopa steiku ar steiku. \u0160efpav\u0101ru rad\u012btajos \u0113dienos ir ar\u012b \u0113dieni, kas var\u0113tu nedaudz izspiest vidusm\u0113ra restor\u0101na apmekl\u0113t\u0101ju no savas komforta zonas. Laipni l\u016bgti visi, kas mekl\u0113 jaunas, aizraujo\u0161as gar\u0161as, \u012bpa\u0161i iesak\u0101m m\u016bsu 5 \u0113dienu degust\u0101cijas \u0113dienkarti \u2013 \u0161eit \u0113dienu m\u0101kslinieki Jiri un Jirgens ir patiesi rado\u0161i apvienoju\u0161i \u0113dienus no restor\u0101na \u00e0 la carte \u0113dienkartes, k\u0101 ar\u012b vair\u0101kus jaunus \u0113dienus, kas nav iek\u013cauti ikdienas \u0113dienkart\u0113. \u0112diens, r\u016bp\u012bgi atlas\u012bti v\u012bni no mazajiem ra\u017eot\u0101jiem, arvien popul\u0101r\u0101kie bezalkoholiskie dz\u0113rieni, uzman\u012bga apkalpo\u0161ana un atmosf\u0113ra restor\u0101na person\u0101la vienm\u0113r tiek uztur\u0113ta t\u0101d\u0101 l\u012bmen\u012b, lai viesis izbaud\u012btu katru mirkli, ko pavada vien\u012bgaj\u0101 m\u0101j\u0101 ar kam\u012bna skursteni re\u0123ion\u0101. \u0160\u012b tr\u012bssimt gadus vec\u0101 \u0113ka apvieno net\u0101lu eso\u0161\u0101s Kadioru pils biju\u0161o dz\u012bvi, pils\u0113tas centra moderno atmosf\u0113ru un pasaules l\u012bme\u0146a kulin\u0101rijas m\u0101kslu. Ko\u0161\u0101s kr\u0101s\u0101s iek\u0101rtotaj\u0101s telp\u0101s un k\u0101p\u0113c gan ne pat kam\u012bna skurste\u0146a iek\u0161pus\u0113 pat\u012bkamu vietu atrad\u012bs gan p\u0101ri un \u0123imenes, gan liel\u0101kas grupas, kas restor\u0101n\u0101 jut\u012bsies \u013coti \u0113rti. Laipni l\u016bgti Tulemast! Per aspera ad astra! Mantel Skurste\u0146u \u0123imene","protected":false},"author":2,"featured_media":0,"parent":0,"menu_order":1,"comment_status":"closed","ping_status":"closed","template":"","meta":{"footnotes":""},"class_list":["post-9","page","type-page","status-publish","hentry"],"yoast_head":"<!-- This site is optimized with the Yoast SEO plugin v24.2 - https:\/\/yoast.com\/wordpress\/plugins\/seo\/ -->\n<title>Meie lugu - Mantel &amp; Korsten<\/title>\n<meta name=\"robots\" content=\"index, follow, max-snippet:-1, max-image-preview:large, max-video-preview:-1\" \/>\n<link rel=\"canonical\" href=\"https:\/\/mantel-korsten.ee\/lv\/musu-stasts\/\" \/>\n<meta property=\"og:locale\" content=\"lv_LV\" \/>\n<meta property=\"og:type\" content=\"article\" \/>\n<meta property=\"og:title\" content=\"Meie lugu - Mantel &amp; Korsten\" \/>\n<meta property=\"og:url\" content=\"https:\/\/mantel-korsten.ee\/lv\/musu-stasts\/\" \/>\n<meta property=\"og:site_name\" content=\"Mantel &amp; Korsten\" \/>\n<meta property=\"article:modified_time\" content=\"2025-04-30T08:34:51+00:00\" \/>\n<meta name=\"twitter:card\" content=\"summary_large_image\" \/>\n<meta name=\"twitter:label1\" content=\"Est. reading time\" \/>\n\t<meta name=\"twitter:data1\" content=\"2 min\u016btes\" \/>\n<script type=\"application\/ld+json\" class=\"yoast-schema-graph\">{\"@context\":\"https:\/\/schema.org\",\"@graph\":[{\"@type\":\"WebPage\",\"@id\":\"https:\/\/mantel-korsten.ee\/meie-lugu\/\",\"url\":\"https:\/\/mantel-korsten.ee\/meie-lugu\/\",\"name\":\"Meie lugu - Mantel &amp; Korsten\",\"isPartOf\":{\"@id\":\"https:\/\/mantel-korsten.ee\/#website\"},\"datePublished\":\"2016-05-27T07:45:09+00:00\",\"dateModified\":\"2025-04-30T08:34:51+00:00\",\"breadcrumb\":{\"@id\":\"https:\/\/mantel-korsten.ee\/meie-lugu\/#breadcrumb\"},\"inLanguage\":\"lv-LV\",\"potentialAction\":[{\"@type\":\"ReadAction\",\"target\":[\"https:\/\/mantel-korsten.ee\/meie-lugu\/\"]}]},{\"@type\":\"BreadcrumbList\",\"@id\":\"https:\/\/mantel-korsten.ee\/meie-lugu\/#breadcrumb\",\"itemListElement\":[{\"@type\":\"ListItem\",\"position\":1,\"name\":\"Home\",\"item\":\"https:\/\/mantel-korsten.ee\/\"},{\"@type\":\"ListItem\",\"position\":2,\"name\":\"Meie lugu\"}]},{\"@type\":\"WebSite\",\"@id\":\"https:\/\/mantel-korsten.ee\/#website\",\"url\":\"https:\/\/mantel-korsten.ee\/\",\"name\":\"Mantel &amp; Korsten\",\"description\":\"Restoran Kadriorus\",\"potentialAction\":[{\"@type\":\"SearchAction\",\"target\":{\"@type\":\"EntryPoint\",\"urlTemplate\":\"https:\/\/mantel-korsten.ee\/?s={search_term_string}\"},\"query-input\":{\"@type\":\"PropertyValueSpecification\",\"valueRequired\":true,\"valueName\":\"search_term_string\"}}],\"inLanguage\":\"lv-LV\"}]}<\/script>\n<!-- \/ Yoast SEO plugin. -->","yoast_head_json":{"title":"Meie lugu - Mantel &amp; Korsten","robots":{"index":"index","follow":"follow","max-snippet":"max-snippet:-1","max-image-preview":"max-image-preview:large","max-video-preview":"max-video-preview:-1"},"canonical":"https:\/\/mantel-korsten.ee\/lv\/musu-stasts\/","og_locale":"lv_LV","og_type":"article","og_title":"Meie lugu - Mantel &amp; Korsten","og_url":"https:\/\/mantel-korsten.ee\/lv\/musu-stasts\/","og_site_name":"Mantel &amp; Korsten","article_modified_time":"2025-04-30T08:34:51+00:00","twitter_card":"summary_large_image","twitter_misc":{"Est. reading time":"2 min\u016btes"},"schema":{"@context":"https:\/\/schema.org","@graph":[{"@type":"WebPage","@id":"https:\/\/mantel-korsten.ee\/meie-lugu\/","url":"https:\/\/mantel-korsten.ee\/meie-lugu\/","name":"Meie lugu - Mantel &amp; Korsten","isPartOf":{"@id":"https:\/\/mantel-korsten.ee\/#website"},"datePublished":"2016-05-27T07:45:09+00:00","dateModified":"2025-04-30T08:34:51+00:00","breadcrumb":{"@id":"https:\/\/mantel-korsten.ee\/meie-lugu\/#breadcrumb"},"inLanguage":"lv-LV","potentialAction":[{"@type":"ReadAction","target":["https:\/\/mantel-korsten.ee\/meie-lugu\/"]}]},{"@type":"BreadcrumbList","@id":"https:\/\/mantel-korsten.ee\/meie-lugu\/#breadcrumb","itemListElement":[{"@type":"ListItem","position":1,"name":"Home","item":"https:\/\/mantel-korsten.ee\/"},{"@type":"ListItem","position":2,"name":"Meie lugu"}]},{"@type":"WebSite","@id":"https:\/\/mantel-korsten.ee\/#website","url":"https:\/\/mantel-korsten.ee\/","name":"Mantel &amp; Korsten","description":"Restoran Kadriorus","potentialAction":[{"@type":"SearchAction","target":{"@type":"EntryPoint","urlTemplate":"https:\/\/mantel-korsten.ee\/?s={search_term_string}"},"query-input":{"@type":"PropertyValueSpecification","valueRequired":true,"valueName":"search_term_string"}}],"inLanguage":"lv-LV"}]}},"_links":{"self":[{"href":"https:\/\/mantel-korsten.ee\/lv\/wp-json\/wp\/v2\/pages\/9","targetHints":{"allow":["GET"]}}],"collection":[{"href":"https:\/\/mantel-korsten.ee\/lv\/wp-json\/wp\/v2\/pages"}],"about":[{"href":"https:\/\/mantel-korsten.ee\/lv\/wp-json\/wp\/v2\/types\/page"}],"author":[{"embeddable":true,"href":"https:\/\/mantel-korsten.ee\/lv\/wp-json\/wp\/v2\/users\/2"}],"replies":[{"embeddable":true,"href":"https:\/\/mantel-korsten.ee\/lv\/wp-json\/wp\/v2\/comments?post=9"}],"version-history":[{"count":5,"href":"https:\/\/mantel-korsten.ee\/lv\/wp-json\/wp\/v2\/pages\/9\/revisions"}],"predecessor-version":[{"id":10353,"href":"https:\/\/mantel-korsten.ee\/lv\/wp-json\/wp\/v2\/pages\/9\/revisions\/10353"}],"wp:attachment":[{"href":"https:\/\/mantel-korsten.ee\/lv\/wp-json\/wp\/v2\/media?parent=9"}],"curies":[{"name":"wp","href":"https:\/\/api.w.org\/{rel}","templated":true}]}}